{"id":1506,"date":"2023-06-05T09:22:27","date_gmt":"2023-06-05T07:22:27","guid":{"rendered":"https:\/\/wearpartseurope.com\/privacy-statement\/"},"modified":"2023-11-10T14:58:25","modified_gmt":"2023-11-10T13:58:25","slug":"declaracion-de-confidencialidad","status":"publish","type":"page","link":"https:\/\/wearpartseurope.com\/es\/declaracion-de-confidencialidad\/","title":{"rendered":"Declaraci\u00f3n de confidencialidad"},"content":{"rendered":"<div class=\"wpb-content-wrapper\">[vc_row fullwidth=\u00bbtrue\u00bb fullwidth_content=\u00bbfalse\u00bb el_class=\u00bbrow-header-geel\u00bb][vc_column][vc_custom_heading text=\u00bbWear Parts Europe\u00bb font_container=\u00bbtag:h4|text_align:left|color:%23000000&#8243; use_theme_fonts=\u00bbyes\u00bb css_animation=\u00bbnone\u00bb el_class=\u00bbsubtitel-pagina\u00bb][vc_custom_heading text=\u00bbDeclaraci\u00f3n de confidencialidad\u00bb font_container=\u00bbtag:h1|text_align:left|color:%23000000&#8243; use_theme_fonts=\u00bbyes\u00bb css_animation=\u00bbnone\u00bb el_class=\u00bbtitel-pagina\u00bb][\/vc_column][\/vc_row][vc_row fullwidth=\u00bbtrue\u00bb fullwidth_content=\u00bbfalse\u00bb el_class=\u00bbrow-buttons-contact\u00bb][vc_column][vc_column_text disable_pattern=\u00bbfalse\u00bb css=\u00bb.vc_custom_1699624258288{margin-bottom: 0px !important;}\u00bb]Nuestra declaraci\u00f3n de privacidad se aplica a (el uso de) los datos personales y la informaci\u00f3n personal proporcionada a Wear Parts Europe B.V. (oralmente, por escrito o digitalmente) y todas las comunicaciones externas (publicidad) de Wear Parts Europe B.V. incluyendo las comunicaciones a trav\u00e9s de los sitios web operados por Wear Parts Europe B.V. y los boletines digitales enviados por Wear Parts Europe B.V.. Nuestra renuncia se aplica a (el uso de) todas las comunicaciones externas (publicidad) de Wear Parts Europe B.V. incluyendo las comunicaciones a trav\u00e9s de los sitios web operados por Wear Parts Europe B.V. y los boletines digitales enviados por Wear Parts Europe B.V..[\/vc_column_text][\/vc_column][\/vc_row][vc_row fullwidth=\u00bbtrue\u00bb fullwidth_content=\u00bbfalse\u00bb el_class=\u00bbrow-privacystatement\u00bb][vc_column width=\u00bb1\/2&#8243;][vc_column_text disable_pattern=\u00bbfalse\u00bb css=\u00bb.vc_custom_1699624410330{margin-bottom: 0px !important;}\u00bb]Wear Parts Europe B.V. respeta su privacidad y garantiza que los datos personales y la informaci\u00f3n personal que pueda proporcionarnos se tratar\u00e1n de forma confidencial y de acuerdo con el Reglamento general de protecci\u00f3n de datos (RGPD).<\/p>\n<p>Wear Parts Europe B.V. utiliza ciertos datos personales de los usuarios de sus sitios web operados. Estos datos se utilizan para mejorar el rendimiento de dichos sitios web (como la mejora de la conexi\u00f3n a las necesidades de los usuarios), para procesar las solicitudes de informaci\u00f3n de los usuarios (como las solicitudes para recibir boletines informativos) y para participar en actividades (comerciales) (como el establecimiento o la ampliaci\u00f3n de las relaciones con los usuarios de los sitios web). En esta declaraci\u00f3n de privacidad explicamos qu\u00e9 datos recogemos, qu\u00e9 hacemos con ellos y qu\u00e9 derechos tiene usted. Esta declaraci\u00f3n puede cambiar de vez en cuando. Le aconsejamos que la consulte con regularidad.[\/vc_column_text][vc_custom_heading text=\u00bbDatos generales de visitas a nuestro(s) sitio(s) web\u00bb font_container=\u00bbtag:h3|text_align:left\u00bb use_theme_fonts=\u00bbyes\u00bb el_class=\u00bbtussenkopje-privacy\u00bb][vc_column_text disable_pattern=\u00bbfalse\u00bb css=\u00bb.vc_custom_1699624301368{margin-bottom: 0px !important;}\u00bb]Wear Parts Europe B.V. utiliza en todos los casos \u00fanicamente los datos personales que los propios usuarios de la(s) p\u00e1gina(s) web ponen a disposici\u00f3n de Wear Parts Europe B.V.. Los usuarios proporcionan datos personales, como el tipo de navegador, la direcci\u00f3n IP y el nombre y la direcci\u00f3n de informaci\u00f3n, entre otras cosas por su navegador para aceptar cookies, al registrarse en el sitio web (s) o mediante la suscripci\u00f3n a un bolet\u00edn de noticias. La informaci\u00f3n sobre el nombre y la direcci\u00f3n, las direcciones de correo electr\u00f3nico, los n\u00fameros de tel\u00e9fono y cualquier preferencia se a\u00f1aden a la lista de suscriptores s\u00f3lo con el consentimiento expl\u00edcito. Los boletines incluyen un enlace para que los suscriptores puedan darse de baja. Los archivos de los suscriptores del bolet\u00edn no se facilitan a terceros, salvo a (uno o varios) socios contratados por nosotros como, por ejemplo, partes externas contratadas) en caso de que sea necesario para la correcta prestaci\u00f3n del servicio que ha solicitado.[\/vc_column_text][vc_custom_heading text=\u00bbTratamiento de datos personales\u00bb font_container=\u00bbtag:h3|text_align:left\u00bb use_theme_fonts=\u00bbyes\u00bb el_class=\u00bbtussenkopje-privacy\u00bb][vc_column_text disable_pattern=\u00bbfalse\u00bb css=\u00bb.vc_custom_1699624322440{margin-bottom: 0px !important;}\u00bb]Los datos personales son datos personales que pueden utilizarse para determinar su identidad. Se distingue entre los datos personales facilitados activamente a Wear Parts Europe B.V. (como el nombre, los datos de contacto, las preferencias y otros datos que haya indicado durante, por ejemplo, un procedimiento de solicitud o registro, un contacto verbal, escrito o digital con nuestra oficina o con uno o varios socios contratados por nuestra oficina o debido a un acuerdo con nosotros) y los datos personales que, por razones t\u00e9cnicas, su equipo transmite autom\u00e1ticamente a nuestros ordenadores cuando visita nuestro(s) sitio(s) web (como la direcci\u00f3n IP que utiliza, el sistema operativo, el navegador de Internet utilizado y [en algunos casos] la \u00faltima p\u00e1gina de Internet que visit\u00f3).[\/vc_column_text][vc_custom_heading text=\u00bb\u00bfPara qu\u00e9 utilizamos los datos personales?\u00bb font_container=\u00bbtag:h3|text_align:left\u00bb use_theme_fonts=\u00bbyes\u00bb el_class=\u00bbtussenkopje-privacy\u00bb][vc_column_text disable_pattern=\u00bbfalse\u00bb css=\u00bb.vc_custom_1699624342632{margin-bottom: 0px !important;}\u00bb]El tratamiento de sus datos personales s\u00f3lo se realiza en la medida en que usted Wear Parts Europe B.V. o uno de nuestros socios contratados haya dado su consentimiento inequ\u00edvoco, lo que puede evidenciarse por el mero hecho de que usted Wear Parts Europe B.V. o uno de nuestros socios contratados se haya puesto en contacto con usted verbalmente, por escrito o digitalmente. El tratamiento de los datos personales se realiza exclusivamente para los servicios solicitados por usted, tales como:[\/vc_column_text][mk_custom_list el_class=\u00bblist-privacy\u00bb]\n<ul>\n<li>Para fines (administrativos) relativos a solicitudes de presupuestos o asuntos de personal;<\/li>\n<li>Para ponernos en contacto con usted por ser Wear Parts Europe B.V. o por ser uno de nuestros socios contratados;<\/li>\n<li>Para proporcionarle noticias e informaci\u00f3n sobre una o m\u00e1s de sus \u00e1reas de inter\u00e9s especificadas;<\/li>\n<li>Para mejorar nuestro(s) sitio(s) web y servicios;<\/li>\n<li>Para realizar estudios de mercado para Wear Parts Europe BV.<\/li>\n<\/ul>\n[\/mk_custom_list][vc_column_text disable_pattern=\u00bbfalse\u00bb css=\u00bb.vc_custom_1699624379250{margin-bottom: 0px !important;}\u00bb]La inscripci\u00f3n para recibir boletines o muestras a trav\u00e9s de nuestro(s) sitio(s) web se realiza rellenando algunos datos personales en l\u00ednea, como el nombre, informaci\u00f3n (direcci\u00f3n de correo electr\u00f3nico) y posiblemente preferencias personales. Nuestro(s) sitio(s) web dispone(n) de un certificado SSL, un archivo que optimiza la seguridad de la transmisi\u00f3n en l\u00ednea de datos personales entre nuestro servidor y los navegadores de Internet. Adem\u00e1s, es posible que usted, como cliente existente de Wear Parts Europe B.V., a petici\u00f3n de un empleado de Wear Parts Europe B.V. o de uno de nuestros socios contratados, sea a\u00f1adido a la base de suscriptores. En este caso recibir\u00e1 un mensaje. En la parte inferior de cada bolet\u00edn hay un hiperv\u00ednculo que le permite darse de baja f\u00e1cilmente del bolet\u00edn.<\/p>\n<p>Wear Parts Europe B.V. conserva sus datos personales mientras estos datos sean necesarios para el correcto desempe\u00f1o del trabajo y los servicios.[\/vc_column_text][\/vc_column][vc_column width=\u00bb1\/2&#8243;][vc_custom_heading text=\u00bbSeguridad de los datos personales\u00bb font_container=\u00bbtag:h3|text_align:left\u00bb use_theme_fonts=\u00bbyes\u00bb el_class=\u00bbtussenkopje-privacy\u00bb][vc_column_text disable_pattern=\u00bbfalse\u00bb css=\u00bb.vc_custom_1699624434323{margin-bottom: 0px !important;}\u00bb]Al utilizar datos personales a trav\u00e9s de los sitios web operados por Wear Parts Europe B.V. Wear Parts Europe B.V. respeta las normas del RGDP. Wear Parts Europe B.V. asegura estos datos y garantiza su confidencialidad. Wear Parts Europe B.V. proporciona estos datos a terceros, excepto (uno o m\u00e1s) por nuestros socios contratados si esto es necesario para el correcto desempe\u00f1o de sus servicios solicitados (como el env\u00edo de boletines de noticias a trav\u00e9s de mailings) y a Google Inc. (\u00abGoogle\u00bb). Celebramos acuerdos de procesamiento legalmente v\u00e1lidos con nuestros socios contratados para proteger sus datos personales. Tambi\u00e9n es posible que contratemos a una o varias partes externas para procesar datos personales, por ejemplo, para realizar env\u00edos postales o an\u00e1lisis estad\u00edsticos. Siempre se establecen acuerdos con estas partes en relaci\u00f3n con el uso, la seguridad y la confidencialidad de los datos (personales). Estos datos nunca podr\u00e1n utilizarse para fines propios. Es posible &#8211; en determinadas circunstancias &#8211; que Wear Parts Europe B.V. est\u00e9 legalmente obligada a proporcionar datos personales a organismos gubernamentales (como las autoridades fiscales, la polic\u00eda o la justicia). S\u00f3lo en este caso sus datos personales ser\u00e1n entregados, en cuyo caso no estamos en todos los casos autorizados a informarle. Wear Parts Europe B.V. no puede garantizar que los operadores de los sitios web a los que los sitios web que gestiona contienen enlaces, respeten las normas del RGDP.[\/vc_column_text][vc_custom_heading text=\u00bbCookies\u00bb font_container=\u00bbtag:h3|text_align:left\u00bb use_theme_fonts=\u00bbyes\u00bb el_class=\u00bbtussenkopje-privacy\u00bb][vc_column_text disable_pattern=\u00bbfalse\u00bb css=\u00bb.vc_custom_1699624472210{margin-bottom: 0px !important;}\u00bb]Nuestros sitios web utilizan cookies. Una cookie es un simple archivo peque\u00f1o que se env\u00eda con las p\u00e1ginas de este sitio web y que su navegador almacena en el disco duro de su ordenador. Entre otras cosas, esto nos permite combinar diferentes solicitudes de p\u00e1ginas del sitio web y analizar el comportamiento del usuario. Puede rechazar o eliminar el uso de estas cookies. El sitio web de la Asociaci\u00f3n de Consumidores ofrece instrucciones claras sobre c\u00f3mo rechazar o eliminar las cookies.[\/vc_column_text][vc_custom_heading text=\u00bbGoogle Analytics\u00bb font_container=\u00bbtag:h3|text_align:left\u00bb use_theme_fonts=\u00bbyes\u00bb el_class=\u00bbtussenkopje-privacy\u00bb][vc_column_text disable_pattern=\u00bbfalse\u00bb css=\u00bb.vc_custom_1699624489916{margin-bottom: 0px !important;}\u00bb]Nuestros sitios web utilizan Google Analytics, un servicio anal\u00edtico de web prestado por Google. Google Analytics utiliza cookies para ayudar a los sitios web a analizar el uso que hacen los usuarios de los mismos. La informaci\u00f3n que genera la cookie acerca de su uso del website (incluyendo su direcci\u00f3n IP) ser\u00e1 directamente transmitida y archivada por Google en los servidores de Estados Unidos. Google utiliza esta informaci\u00f3n para rastrear el uso que usted hace de los sitios web, recopilar informes sobre la actividad de los sitios web para los operadores de los mismos y prestar otros servicios relacionados con la actividad de los sitios web y el uso de Internet.<br \/>\nGoogle podr\u00e1 transmitir dicha informaci\u00f3n a terceros cuando as\u00ed se lo requiera la legislaci\u00f3n, o cuando dichos terceros procesen la informaci\u00f3n por cuenta de Google. Google no asociar\u00e1 su direcci\u00f3n IP con ning\u00fan otro dato del que disponga Google. Al utilizar nuestro(s) sitio(s) web, usted consiente el tratamiento de informaci\u00f3n por Google en la forma y para los fines arriba indicados.[\/vc_column_text][vc_custom_heading text=\u00bbConsulta y modificaci\u00f3n de datos personales\u00bb font_container=\u00bbtag:h3|text_align:left\u00bb use_theme_fonts=\u00bbyes\u00bb el_class=\u00bbtussenkopje-privacy\u00bb][vc_column_text disable_pattern=\u00bbfalse\u00bb css=\u00bb.vc_custom_1699624517212{margin-bottom: 0px !important;}\u00bb]Si tiene alguna pregunta sobre el tratamiento de sus datos personales a trav\u00e9s de los sitios web operados por Wear Parts Europe B.V., si desea acceder a sus datos personales y\/o si desea modificar sus datos personales, p\u00f3ngase en contacto con nosotros por tel\u00e9fono en <a href=\"tel:+31412407000\">+31 (0)412 40 7000<\/a> o por correo electr\u00f3nico <a href=\"mailto:info@wearpartseurope.com\">info@wearpartseurope.com<\/a>.[\/vc_column_text][vc_custom_heading text=\u00bbDescargo de responsabilidad\u00bb font_container=\u00bbtag:h3|text_align:left\u00bb use_theme_fonts=\u00bbyes\u00bb el_class=\u00bbtussenkopje-privacy\u00bb][vc_column_text disable_pattern=\u00bbfalse\u00bb css=\u00bb.vc_custom_1699624565728{margin-bottom: 0px !important;}\u00bb]La informaci\u00f3n en nuestro sitio web (s) se muestra por Wear Parts Europe BV se compone con cuidado, pero la exactitud e integridad no puede ser garantizada. Wear Parts Europe BV no acepta ninguna responsabilidad por la exactitud e integridad de la informaci\u00f3n en este sitio web (s). Las referencias a sitios web no mantenidos por Wear Parts Europe B.V. se proporcionan \u00fanicamente con fines informativos. Aunque Wear Parts Europe BV es extremadamente selectivo con respecto a los sitios web referenciados, Wear Parts Europe BV no puede garantizar el contenido y funcionamiento de los mismos, ni la calidad de los productos y\/o servicios ofrecidos en ellos.<br \/>\nLos sitios web operados por nosotros contienen materiales y servicios protegidos por derechos de autor u otras leyes de propiedad intelectual. El uso no autorizado de estos materiales y servicios puede violar tales derechos o leyes. El usuario de nuestro(s) sitio(s) web no est\u00e1 autorizado a reproducir, transmitir, distribuir, difundir o poner a disposici\u00f3n de terceros a t\u00edtulo oneroso ninguno de los contenidos del mismo, sin el permiso expreso y por escrito de Wear Parts Europe B.V.[\/vc_column_text][vc_column_text disable_pattern=\u00bbfalse\u00bb css=\u00bb.vc_custom_1699624702219{margin-bottom: 0px !important;}\u00bb]Wear Parts Europe B.V.<br \/>\nVoorste groes 4, 5384 VJ, Heesch<br \/>\n+31 (0)412 40 7000<\/p>\n<p>KvK: 75926962<br \/>\nBTW NL 8604.44.521.B01[\/vc_column_text][\/vc_column][\/vc_row]\n<\/div>","protected":false},"excerpt":{"rendered":"<p>[vc_row fullwidth=\u00bbtrue\u00bb fullwidth_content=\u00bbfalse\u00bb el_class=\u00bbrow-header-geel\u00bb][vc_column][vc_custom_heading text=\u00bbWear Parts Europe\u00bb font_container=\u00bbtag:h4|text_align:left|color:%23000000&#8243; use_theme_fonts=\u00bbyes\u00bb css_animation=\u00bbnone\u00bb el_class=\u00bbsubtitel-pagina\u00bb][vc_custom_heading text=\u00bbDeclaraci\u00f3n de confidencialidad\u00bb font_container=\u00bbtag:h1|text_align:left|color:%23000000&#8243; use_theme_fonts=\u00bbyes\u00bb css_animation=\u00bbnone\u00bb el_class=\u00bbtitel-pagina\u00bb][\/vc_column][\/vc_row][vc_row fullwidth=\u00bbtrue\u00bb fullwidth_content=\u00bbfalse\u00bb el_class=\u00bbrow-buttons-contact\u00bb][vc_column][vc_column_text disable_pattern=\u00bbfalse\u00bb css=\u00bb.vc_custom_1699624258288{margin-bottom: 0px !important;}\u00bb]Nuestra declaraci\u00f3n de privacidad se aplica a (el uso de) los datos personales y la informaci\u00f3n personal proporcionada a Wear Parts Europe B.V. (oralmente, por escrito o digitalmente) y todas las [&hellip;]<\/p>\n","protected":false},"author":1,"featured_media":0,"parent":0,"menu_order":0,"comment_status":"closed","ping_status":"open","template":"","meta":{"_acf_changed":false,"content-type":"","footnotes":""},"class_list":["post-1506","page","type-page","status-publish","hentry"],"acf":[],"yoast_head":"<!-- This site is optimized with the Yoast SEO plugin v27.4 - https:\/\/yoast.com\/product\/yoast-seo-wordpress\/ -->\n<title>Declaraci\u00f3n de confidencialidad - Wear Parts Europe<\/title>\n<meta name=\"robots\" content=\"index, follow, max-snippet:-1, max-image-preview:large, max-video-preview:-1\" \/>\n<link rel=\"canonical\" href=\"https:\/\/wearpartseurope.com\/es\/declaracion-de-confidencialidad\/\" \/>\n<meta property=\"og:locale\" content=\"es_ES\" \/>\n<meta property=\"og:type\" content=\"article\" \/>\n<meta property=\"og:title\" content=\"Declaraci\u00f3n de confidencialidad - Wear Parts Europe\" \/>\n<meta property=\"og:description\" content=\"[vc_row fullwidth=\u00bbtrue\u00bb fullwidth_content=\u00bbfalse\u00bb el_class=\u00bbrow-header-geel\u00bb][vc_column][vc_custom_heading text=\u00bbWear Parts Europe\u00bb font_container=\u00bbtag:h4|text_align:left|color:%23000000&#8243; use_theme_fonts=\u00bbyes\u00bb css_animation=\u00bbnone\u00bb el_class=\u00bbsubtitel-pagina\u00bb][vc_custom_heading text=\u00bbDeclaraci\u00f3n de confidencialidad\u00bb font_container=\u00bbtag:h1|text_align:left|color:%23000000&#8243; use_theme_fonts=\u00bbyes\u00bb css_animation=\u00bbnone\u00bb el_class=\u00bbtitel-pagina\u00bb][\/vc_column][\/vc_row][vc_row fullwidth=\u00bbtrue\u00bb fullwidth_content=\u00bbfalse\u00bb el_class=\u00bbrow-buttons-contact\u00bb][vc_column][vc_column_text disable_pattern=\u00bbfalse\u00bb css=\u00bb.vc_custom_1699624258288{margin-bottom: 0px !important;}\u00bb]Nuestra declaraci\u00f3n de privacidad se aplica a (el uso de) los datos personales y la informaci\u00f3n personal proporcionada a Wear Parts Europe B.V. (oralmente, por escrito o digitalmente) y todas las [&hellip;]\" \/>\n<meta property=\"og:url\" content=\"https:\/\/wearpartseurope.com\/es\/declaracion-de-confidencialidad\/\" \/>\n<meta property=\"og:site_name\" content=\"Wear Parts Europe\" \/>\n<meta property=\"article:publisher\" content=\"https:\/\/www.facebook.com\/Wearpartseurope\" \/>\n<meta property=\"article:modified_time\" content=\"2023-11-10T13:58:25+00:00\" \/>\n<meta name=\"twitter:card\" content=\"summary_large_image\" \/>\n<meta name=\"twitter:label1\" content=\"Tiempo de lectura\" \/>\n\t<meta name=\"twitter:data1\" content=\"9 minutos\" \/>\n<script type=\"application\/ld+json\" class=\"yoast-schema-graph\">{\"@context\":\"https:\\\/\\\/schema.org\",\"@graph\":[{\"@type\":\"WebPage\",\"@id\":\"https:\\\/\\\/wearpartseurope.com\\\/es\\\/declaracion-de-confidencialidad\\\/\",\"url\":\"https:\\\/\\\/wearpartseurope.com\\\/es\\\/declaracion-de-confidencialidad\\\/\",\"name\":\"Declaraci\u00f3n de confidencialidad - Wear Parts Europe\",\"isPartOf\":{\"@id\":\"https:\\\/\\\/wearpartseurope.com\\\/es\\\/#website\"},\"datePublished\":\"2023-06-05T07:22:27+00:00\",\"dateModified\":\"2023-11-10T13:58:25+00:00\",\"breadcrumb\":{\"@id\":\"https:\\\/\\\/wearpartseurope.com\\\/es\\\/declaracion-de-confidencialidad\\\/#breadcrumb\"},\"inLanguage\":\"es\",\"potentialAction\":[{\"@type\":\"ReadAction\",\"target\":[\"https:\\\/\\\/wearpartseurope.com\\\/es\\\/declaracion-de-confidencialidad\\\/\"]}]},{\"@type\":\"BreadcrumbList\",\"@id\":\"https:\\\/\\\/wearpartseurope.com\\\/es\\\/declaracion-de-confidencialidad\\\/#breadcrumb\",\"itemListElement\":[{\"@type\":\"ListItem\",\"position\":1,\"name\":\"Home\",\"item\":\"https:\\\/\\\/wearpartseurope.com\\\/es\\\/\"},{\"@type\":\"ListItem\",\"position\":2,\"name\":\"Declaraci\u00f3n de confidencialidad\"}]},{\"@type\":\"WebSite\",\"@id\":\"https:\\\/\\\/wearpartseurope.com\\\/es\\\/#website\",\"url\":\"https:\\\/\\\/wearpartseurope.com\\\/es\\\/\",\"name\":\"Wear Parts Europe\",\"description\":\"Small parts. Massive impact.\",\"publisher\":{\"@id\":\"https:\\\/\\\/wearpartseurope.com\\\/es\\\/#organization\"},\"potentialAction\":[{\"@type\":\"SearchAction\",\"target\":{\"@type\":\"EntryPoint\",\"urlTemplate\":\"https:\\\/\\\/wearpartseurope.com\\\/es\\\/?s={search_term_string}\"},\"query-input\":{\"@type\":\"PropertyValueSpecification\",\"valueRequired\":true,\"valueName\":\"search_term_string\"}}],\"inLanguage\":\"es\"},{\"@type\":\"Organization\",\"@id\":\"https:\\\/\\\/wearpartseurope.com\\\/es\\\/#organization\",\"name\":\"Wear Parts Europe\",\"url\":\"https:\\\/\\\/wearpartseurope.com\\\/es\\\/\",\"logo\":{\"@type\":\"ImageObject\",\"inLanguage\":\"es\",\"@id\":\"https:\\\/\\\/wearpartseurope.com\\\/es\\\/#\\\/schema\\\/logo\\\/image\\\/\",\"url\":\"https:\\\/\\\/wearpartseurope.com\\\/wp-content\\\/uploads\\\/2023\\\/06\\\/wearparts-logo-header.svg\",\"contentUrl\":\"https:\\\/\\\/wearpartseurope.com\\\/wp-content\\\/uploads\\\/2023\\\/06\\\/wearparts-logo-header.svg\",\"width\":1,\"height\":1,\"caption\":\"Wear Parts Europe\"},\"image\":{\"@id\":\"https:\\\/\\\/wearpartseurope.com\\\/es\\\/#\\\/schema\\\/logo\\\/image\\\/\"},\"sameAs\":[\"https:\\\/\\\/www.facebook.com\\\/Wearpartseurope\",\"https:\\\/\\\/www.linkedin.com\\\/company\\\/wearpartseurope\\\/about\\\/\",\"https:\\\/\\\/www.instagram.com\\\/wearpartseurope\\\/\"]}]}<\/script>\n<!-- \/ Yoast SEO plugin. -->","yoast_head_json":{"title":"Declaraci\u00f3n de confidencialidad - Wear Parts Europe","robots":{"index":"index","follow":"follow","max-snippet":"max-snippet:-1","max-image-preview":"max-image-preview:large","max-video-preview":"max-video-preview:-1"},"canonical":"https:\/\/wearpartseurope.com\/es\/declaracion-de-confidencialidad\/","og_locale":"es_ES","og_type":"article","og_title":"Declaraci\u00f3n de confidencialidad - Wear Parts Europe","og_description":"[vc_row fullwidth=\u00bbtrue\u00bb fullwidth_content=\u00bbfalse\u00bb el_class=\u00bbrow-header-geel\u00bb][vc_column][vc_custom_heading text=\u00bbWear Parts Europe\u00bb font_container=\u00bbtag:h4|text_align:left|color:%23000000&#8243; use_theme_fonts=\u00bbyes\u00bb css_animation=\u00bbnone\u00bb el_class=\u00bbsubtitel-pagina\u00bb][vc_custom_heading text=\u00bbDeclaraci\u00f3n de confidencialidad\u00bb font_container=\u00bbtag:h1|text_align:left|color:%23000000&#8243; use_theme_fonts=\u00bbyes\u00bb css_animation=\u00bbnone\u00bb el_class=\u00bbtitel-pagina\u00bb][\/vc_column][\/vc_row][vc_row fullwidth=\u00bbtrue\u00bb fullwidth_content=\u00bbfalse\u00bb el_class=\u00bbrow-buttons-contact\u00bb][vc_column][vc_column_text disable_pattern=\u00bbfalse\u00bb css=\u00bb.vc_custom_1699624258288{margin-bottom: 0px !important;}\u00bb]Nuestra declaraci\u00f3n de privacidad se aplica a (el uso de) los datos personales y la informaci\u00f3n personal proporcionada a Wear Parts Europe B.V. (oralmente, por escrito o digitalmente) y todas las [&hellip;]","og_url":"https:\/\/wearpartseurope.com\/es\/declaracion-de-confidencialidad\/","og_site_name":"Wear Parts Europe","article_publisher":"https:\/\/www.facebook.com\/Wearpartseurope","article_modified_time":"2023-11-10T13:58:25+00:00","twitter_card":"summary_large_image","twitter_misc":{"Tiempo de lectura":"9 minutos"},"schema":{"@context":"https:\/\/schema.org","@graph":[{"@type":"WebPage","@id":"https:\/\/wearpartseurope.com\/es\/declaracion-de-confidencialidad\/","url":"https:\/\/wearpartseurope.com\/es\/declaracion-de-confidencialidad\/","name":"Declaraci\u00f3n de confidencialidad - Wear Parts Europe","isPartOf":{"@id":"https:\/\/wearpartseurope.com\/es\/#website"},"datePublished":"2023-06-05T07:22:27+00:00","dateModified":"2023-11-10T13:58:25+00:00","breadcrumb":{"@id":"https:\/\/wearpartseurope.com\/es\/declaracion-de-confidencialidad\/#breadcrumb"},"inLanguage":"es","potentialAction":[{"@type":"ReadAction","target":["https:\/\/wearpartseurope.com\/es\/declaracion-de-confidencialidad\/"]}]},{"@type":"BreadcrumbList","@id":"https:\/\/wearpartseurope.com\/es\/declaracion-de-confidencialidad\/#breadcrumb","itemListElement":[{"@type":"ListItem","position":1,"name":"Home","item":"https:\/\/wearpartseurope.com\/es\/"},{"@type":"ListItem","position":2,"name":"Declaraci\u00f3n de confidencialidad"}]},{"@type":"WebSite","@id":"https:\/\/wearpartseurope.com\/es\/#website","url":"https:\/\/wearpartseurope.com\/es\/","name":"Wear Parts Europe","description":"Small parts. Massive impact.","publisher":{"@id":"https:\/\/wearpartseurope.com\/es\/#organization"},"potentialAction":[{"@type":"SearchAction","target":{"@type":"EntryPoint","urlTemplate":"https:\/\/wearpartseurope.com\/es\/?s={search_term_string}"},"query-input":{"@type":"PropertyValueSpecification","valueRequired":true,"valueName":"search_term_string"}}],"inLanguage":"es"},{"@type":"Organization","@id":"https:\/\/wearpartseurope.com\/es\/#organization","name":"Wear Parts Europe","url":"https:\/\/wearpartseurope.com\/es\/","logo":{"@type":"ImageObject","inLanguage":"es","@id":"https:\/\/wearpartseurope.com\/es\/#\/schema\/logo\/image\/","url":"https:\/\/wearpartseurope.com\/wp-content\/uploads\/2023\/06\/wearparts-logo-header.svg","contentUrl":"https:\/\/wearpartseurope.com\/wp-content\/uploads\/2023\/06\/wearparts-logo-header.svg","width":1,"height":1,"caption":"Wear Parts Europe"},"image":{"@id":"https:\/\/wearpartseurope.com\/es\/#\/schema\/logo\/image\/"},"sameAs":["https:\/\/www.facebook.com\/Wearpartseurope","https:\/\/www.linkedin.com\/company\/wearpartseurope\/about\/","https:\/\/www.instagram.com\/wearpartseurope\/"]}]}},"_links":{"self":[{"href":"https:\/\/wearpartseurope.com\/es\/wp-json\/wp\/v2\/pages\/1506","targetHints":{"allow":["GET"]}}],"collection":[{"href":"https:\/\/wearpartseurope.com\/es\/wp-json\/wp\/v2\/pages"}],"about":[{"href":"https:\/\/wearpartseurope.com\/es\/wp-json\/wp\/v2\/types\/page"}],"author":[{"embeddable":true,"href":"https:\/\/wearpartseurope.com\/es\/wp-json\/wp\/v2\/users\/1"}],"replies":[{"embeddable":true,"href":"https:\/\/wearpartseurope.com\/es\/wp-json\/wp\/v2\/comments?post=1506"}],"version-history":[{"count":3,"href":"https:\/\/wearpartseurope.com\/es\/wp-json\/wp\/v2\/pages\/1506\/revisions"}],"predecessor-version":[{"id":1509,"href":"https:\/\/wearpartseurope.com\/es\/wp-json\/wp\/v2\/pages\/1506\/revisions\/1509"}],"wp:attachment":[{"href":"https:\/\/wearpartseurope.com\/es\/wp-json\/wp\/v2\/media?parent=1506"}],"curies":[{"name":"wp","href":"https:\/\/api.w.org\/{rel}","templated":true}]}}