{"id":1505,"date":"2023-06-05T09:22:27","date_gmt":"2023-06-05T07:22:27","guid":{"rendered":"https:\/\/wearpartseurope.com\/privacy-statement\/"},"modified":"2023-11-10T15:06:48","modified_gmt":"2023-11-10T14:06:48","slug":"erklaerung-zum-datenschutz","status":"publish","type":"page","link":"https:\/\/wearpartseurope.com\/de\/erklaerung-zum-datenschutz\/","title":{"rendered":"Erkl\u00e4rung zum Datenschutz"},"content":{"rendered":"<div class=\"wpb-content-wrapper\">[vc_row fullwidth=&#8220;true&#8220; fullwidth_content=&#8220;false&#8220; el_class=&#8220;row-header-geel&#8220;][vc_column][vc_custom_heading text=&#8220;Wear Parts Europe&#8220; font_container=&#8220;tag:h4|text_align:left|color:%23000000&#8243; use_theme_fonts=&#8220;yes&#8220; css_animation=&#8220;none&#8220; el_class=&#8220;subtitel-pagina&#8220;][vc_custom_heading text=&#8220;Erkl\u00e4rung zum Datenschutz&#8220; font_container=&#8220;tag:h1|text_align:left|color:%23000000&#8243; use_theme_fonts=&#8220;yes&#8220; css_animation=&#8220;none&#8220; el_class=&#8220;titel-pagina&#8220;][\/vc_column][\/vc_row][vc_row fullwidth=&#8220;true&#8220; fullwidth_content=&#8220;false&#8220; el_class=&#8220;row-buttons-contact&#8220;][vc_column][vc_column_text disable_pattern=&#8220;false&#8220; css=&#8220;.vc_custom_1699624923427{margin-bottom: 0px !important;}&#8220;]Unsere Datenschutzerkl\u00e4rung gilt f\u00fcr (die Verwendung von) pers\u00f6nliche(n) Daten und pers\u00f6nliche(n) Informationen, die Wear Parts Europe B.V. (m\u00fcndlich, schriftlich oder digital) zur Verf\u00fcgung gestellt werden, sowie f\u00fcr alle externen (Werbe-)Mitteilungen von Wear Parts Europe B.V., einschlie\u00dflich der Mitteilungen \u00fcber die von Wear Parts Europe B.V. betriebenen Websites und die von Wear Parts Europe B.V. versandten digitalen Newsletter. Unser Haftungsausschluss gilt f\u00fcr (die Nutzung) aller externen (Werbe-)Mitteilungen von Wear Parts Europe B.V., einschlie\u00dflich der Mitteilungen \u00fcber die von Wear Parts Europe B.V. betriebenen Websites und der von Wear Parts Europe B.V. versandten digitalen Newsletter.[\/vc_column_text][\/vc_column][\/vc_row][vc_row fullwidth=&#8220;true&#8220; fullwidth_content=&#8220;false&#8220; el_class=&#8220;row-privacystatement&#8220;][vc_column width=&#8220;1\/2&#8243;][vc_column_text disable_pattern=&#8220;false&#8220; css=&#8220;.vc_custom_1699624943075{margin-bottom: 0px !important;}&#8220;]Wear Parts Europe B.V. respektiert Ihre Privatsph\u00e4re und stellt sicher, dass pers\u00f6nliche Daten und pers\u00f6nliche Informationen, die Sie uns zur Verf\u00fcgung stellen, vertraulich und in \u00dcbereinstimmung mit der General Data Protection Regulation (GDPR) behandelt werden.<\/p>\n<p>Wear Parts Europe B.V. verwendet bestimmte personenbezogene Daten von Nutzern der von ihr betriebenen Websites. Diese Daten werden verwendet, um die Leistung dieser Websites zu verbessern (z. B. um die Verbindung zu den Bed\u00fcrfnissen der Nutzer zu verbessern), um Informationsanfragen der Nutzer zu bearbeiten (z. B. Anfragen zum Erhalt von Newslettern) und um (kommerzielle) Aktivit\u00e4ten durchzuf\u00fchren (z. B. um Beziehungen zu den Nutzern der Websites aufzubauen oder zu erweitern). In dieser Datenschutzerkl\u00e4rung erkl\u00e4ren wir, welche Daten wir sammeln, was wir damit tun und welche Rechte Sie haben. Diese Erkl\u00e4rung kann sich von Zeit zu Zeit \u00e4ndern. Wir empfehlen Ihnen, die Erkl\u00e4rung regelm\u00e4\u00dfig zu \u00fcberpr\u00fcfen.[\/vc_column_text][vc_custom_heading text=&#8220;Allgemeine Besuchsdaten \u00fcber unsere Website(s)&#8220; font_container=&#8220;tag:h3|text_align:left&#8220; use_theme_fonts=&#8220;yes&#8220; el_class=&#8220;tussenkopje-privacy&#8220;][vc_column_text disable_pattern=&#8220;false&#8220; css=&#8220;.vc_custom_1699624963564{margin-bottom: 0px !important;}&#8220;]Wear Parts Europe B.V. verwendet in allen F\u00e4llen nur personenbezogene Daten, die die Nutzer der Website(s) selbst der Wear Parts Europe B.V. zur Verf\u00fcgung stellen. Die Nutzer stellen personenbezogene Daten wie Browsertyp, IP-Adresse sowie Namens- und Adressinformationen unter anderem dadurch zur Verf\u00fcgung, dass ihr Browser Cookies akzeptiert, indem sie sich auf der (den) Website(s) registrieren oder sich f\u00fcr einen Newsletter anmelden. Namens- und Adressdaten, E-Mail-Adressen, Telefonnummern und etwaige Pr\u00e4ferenzen werden nur mit ausdr\u00fccklicher Zustimmung in die Liste der Abonnenten aufgenommen. Die Newsletter enthalten einen Link, \u00fcber den sich die Abonnenten abmelden k\u00f6nnen. Die Daten der Newsletter-Abonnenten werden nicht an Dritte weitergegeben, au\u00dfer an (einen oder mehrere) von uns beauftragte Partner (wie z. B. beauftragte externe Unternehmen), falls dies f\u00fcr die ordnungsgem\u00e4\u00dfe Erbringung der von Ihnen angeforderten Dienstleistung erforderlich ist.[\/vc_column_text][vc_custom_heading text=&#8220;Verarbeitung von personenbezogenen Daten&#8220; font_container=&#8220;tag:h3|text_align:left&#8220; use_theme_fonts=&#8220;yes&#8220; el_class=&#8220;tussenkopje-privacy&#8220;][vc_column_text disable_pattern=&#8220;false&#8220; css=&#8220;.vc_custom_1699624984446{margin-bottom: 0px !important;}&#8220;]Personenbezogene Daten sind pers\u00f6nliche Daten, die dazu genutzt werden k\u00f6nnen, Ihre Identit\u00e4t zu erfahren. Dabei wird unterschieden zwischen personenbezogenen Daten, die Sie Wear Parts Europe B.V. aktiv zur Verf\u00fcgung gestellt haben (wie Name, Kontaktdaten, Pr\u00e4ferenzen und andere Daten, die Sie beispielsweise im Rahmen eines Bewerbungs- oder Registrierungsverfahrens, eines m\u00fcndlichen, schriftlichen oder digitalen Kontakts mit unserem B\u00fcro oder einem oder mehreren von unserem B\u00fcro beauftragten Partnern oder aufgrund einer Vereinbarung mit uns angegeben haben), und personenbezogenen Daten, die aus technischen Gr\u00fcnden beim Besuch unserer Website(s) automatisch von Ihren Ger\u00e4ten an unsere Computer \u00fcbermittelt werden (wie die von Ihnen verwendete IP-Adresse, das Betriebssystem, der verwendete Internetbrowser und [in einigen F\u00e4llen] die zuletzt besuchte Internetseite).[\/vc_column_text][vc_custom_heading text=&#8220;Wozu verwenden wir personenbezogene Daten?&#8220; font_container=&#8220;tag:h3|text_align:left&#8220; use_theme_fonts=&#8220;yes&#8220; el_class=&#8220;tussenkopje-privacy&#8220;][vc_column_text disable_pattern=&#8220;false&#8220; css=&#8220;.vc_custom_1699625009048{margin-bottom: 0px !important;}&#8220;]Die Verarbeitung Ihrer personenbezogenen Daten erfolgt nur in dem Umfang, in dem Sie Wear Parts Europe B.V. oder einem unserer Vertragspartner eine eindeutige Einwilligung erteilt haben, die allein dadurch nachgewiesen werden kann, dass Sie Wear Parts Europe B.V. oder einen unserer Vertragspartner m\u00fcndlich, schriftlich oder digital angesprochen haben. Die Verarbeitung personenbezogener Daten erfolgt ausschlie\u00dflich f\u00fcr die von Ihnen gew\u00fcnschten Dienstleistungen, wie z.B.:[\/vc_column_text][mk_custom_list el_class=&#8220;list-privacy&#8220;]\n<ul>\n<li>F\u00fcr (administrative) Zwecke in Bezug auf Angebotsanfragen oder Personalangelegenheiten;<\/li>\n<li>Um Sie als Wear Parts Europe B.V. oder als einer unserer Vertragspartner zu kontaktieren;<\/li>\n<li>Um Sie mit Neuigkeiten und Informationen \u00fcber einen oder mehrere der von Ihnen angegebenen Interessenbereiche zu versorgen;<\/li>\n<li>Um unsere Website(s) und Dienstleistungen zu verbessern;<\/li>\n<li>Zur Durchf\u00fchrung von Marktforschung f\u00fcr Wear Parts Europe BV.<\/li>\n<\/ul>\n[\/mk_custom_list][vc_column_text disable_pattern=&#8220;false&#8220; css=&#8220;.vc_custom_1699625057895{margin-bottom: 0px !important;}&#8220;]Die Anmeldung zum Erhalt von Newslettern oder Mustern \u00fcber unsere Website(s) erfolgt durch das Ausf\u00fcllen einiger personenbezogener Daten online, wie Name, (E-Mail-Adresse) und m\u00f6glicherweise pers\u00f6nliche Pr\u00e4ferenzen. Unsere Website(s) sind mit einem SSL-Zertifikat ausgestattet, einer Datei, die die Sicherheit der Online-\u00dcbertragung personenbezogener Daten zwischen unserem Server und den Internet-Browsern optimiert. Dar\u00fcber hinaus ist es m\u00f6glich, dass Sie als bestehender Kunde von Wear Parts Europe B.V. auf Wunsch eines Mitarbeiters von Wear Parts Europe B.V. oder eines unserer Vertragspartner in den Teilnehmerkreis aufgenommen werden. In diesem Fall erhalten Sie eine Nachricht. Am Ende jedes Newsletters befindet sich ein Hyperlink, \u00fcber den Sie den Newsletter problemlos abbestellen k\u00f6nnen.<\/p>\n<p>Wear Parts Europe B.V. bewahrt Ihre pers\u00f6nlichen Daten auf, solange diese Daten f\u00fcr die ordnungsgem\u00e4\u00dfe Ausf\u00fchrung von Arbeiten und Dienstleistungen erforderlich sind.[\/vc_column_text][\/vc_column][vc_column width=&#8220;1\/2&#8243;][vc_custom_heading text=&#8220;Sicherheit personenbezogener Daten&#8220; font_container=&#8220;tag:h3|text_align:left&#8220; use_theme_fonts=&#8220;yes&#8220; el_class=&#8220;tussenkopje-privacy&#8220;][vc_column_text disable_pattern=&#8220;false&#8220; css=&#8220;.vc_custom_1699625087083{margin-bottom: 0px !important;}&#8220;]Bei der Verwendung personenbezogener Daten \u00fcber die von Wear Parts Europe B.V. betriebenen Websites Wear Parts Europe B.V. h\u00e4lt sich an die Regeln der GDPR. Wear Parts Europe B.V. sichert diese Daten und gew\u00e4hrleistet ihre Vertraulichkeit. Wear Parts Europe B.V. gibt diese Daten an Dritte weiter, mit Ausnahme von (einem oder mehreren) unserer Vertragspartner, wenn dies f\u00fcr die ordnungsgem\u00e4\u00dfe Ausf\u00fchrung der von Ihnen angeforderten Dienstleistungen (wie z. B. das Versenden von Newslettern durch Mailings) erforderlich ist, und an Google Inc. (Google&#8220;). Zum Schutz Ihrer personenbezogenen Daten schlie\u00dfen wir mit unseren Vertragspartnern rechtsg\u00fcltige Auftragsverarbeitungsvertr\u00e4ge ab. Es ist auch m\u00f6glich, dass wir eine oder mehrere externe Parteien mit der Verarbeitung personenbezogener Daten beauftragen, z. B. um Mailings oder statistische Analysen zu erstellen. Mit diesen Parteien werden stets Vereinbarungen \u00fcber die Verwendung, Sicherheit und Vertraulichkeit der (personenbezogenen) Daten getroffen. Diese Daten d\u00fcrfen niemals f\u00fcr eigene Zwecke verwendet werden. Es ist m\u00f6glich, dass Wear Parts Europe B.V. unter bestimmten Umst\u00e4nden gesetzlich verpflichtet ist, personenbezogene Daten an staatliche Stellen (wie Steuerbeh\u00f6rden, Polizei oder Justiz) weiterzugeben. Nur in diesem Fall werden Ihre pers\u00f6nlichen Daten weitergegeben, wobei wir Sie nicht in allen F\u00e4llen dar\u00fcber informieren d\u00fcrfen. Wear Parts Europe B.V. kann nicht garantieren, dass die Betreiber der Websites, zu denen die von ihr verwalteten Websites Links enthalten, die Regeln der GDPR einhalten.[\/vc_column_text][vc_custom_heading text=&#8220;Cookies&#8220; font_container=&#8220;tag:h3|text_align:left&#8220; use_theme_fonts=&#8220;yes&#8220; el_class=&#8220;tussenkopje-privacy&#8220;][vc_column_text disable_pattern=&#8220;false&#8220; css=&#8220;.vc_custom_1699625107612{margin-bottom: 0px !important;}&#8220;]Unsere Websites verwenden Cookies. Ein Cookie ist eine einfache kleine Datei, die mit den Seiten dieser Website verschickt und von Ihrem Browser auf der Festplatte Ihres Computers gespeichert wird. Dies erm\u00f6glicht uns unter anderem, verschiedene Anfragen f\u00fcr Seiten der Website zu kombinieren und das Nutzerverhalten zu analysieren. Sie k\u00f6nnen die Verwendung dieser Cookies ablehnen oder l\u00f6schen. Auf der Website des Verbraucherverbandes finden Sie klare Anweisungen, wie Sie Cookies ablehnen oder l\u00f6schen k\u00f6nnen.[\/vc_column_text][vc_custom_heading text=&#8220;Google Analytics&#8220; font_container=&#8220;tag:h3|text_align:left&#8220; use_theme_fonts=&#8220;yes&#8220; el_class=&#8220;tussenkopje-privacy&#8220;][vc_column_text disable_pattern=&#8220;false&#8220; css=&#8220;.vc_custom_1699625119746{margin-bottom: 0px !important;}&#8220;]Unsere Websites verwenden Google Analytics, einen Webanalysedienst von Google. Google Analytics verwendet Cookies, damit die Websites analysieren k\u00f6nnen, wie die Nutzer die Sites nutzen. Die durch den Cookie erzeugten Informationen \u00fcber Ihre Nutzung der Website(s) (einschlie\u00dflich Ihrer IP-Adresse) werden an einen Server von Google in den Vereinigten Staaten \u00fcbertragen und dort gespeichert. Google verwendet diese Informationen, um zu verfolgen, wie Sie die Website(s) nutzen, um Berichte \u00fcber die Website-Aktivit\u00e4ten f\u00fcr die Website-Betreiber zu erstellen und um weitere Dienstleistungen in Bezug auf die Website-Aktivit\u00e4ten und die Internetnutzung zu erbringen.<br \/>\nAuch wird Google diese Informationen gegebenenfalls an Dritte \u00fcbertragen, sofern dies gesetzlich vorgeschrieben ist oder soweit Dritte diese Daten im Auftrag von Google verarbeiten. Google wird in keinem Fall Ihre IP-Adresse mit anderen Daten von Google in Verbindung bringen. Durch die Nutzung unserer Website(s) erkl\u00e4ren Sie sich mit der Bearbeitung der \u00fcber Sie erhobenen Daten durch Google in der zuvor beschriebenen Art und Weise und zu dem zuvor benannten Zweck einverstanden.[\/vc_column_text][vc_custom_heading text=&#8220;Einsichtnahme und \u00c4nderung von personenbezogenen Daten&#8220; font_container=&#8220;tag:h3|text_align:left&#8220; use_theme_fonts=&#8220;yes&#8220; el_class=&#8220;tussenkopje-privacy&#8220;][vc_column_text disable_pattern=&#8220;false&#8220; css=&#8220;.vc_custom_1699625131215{margin-bottom: 0px !important;}&#8220;]Wenn Sie Fragen zur Verarbeitung Ihrer pers\u00f6nlichen Daten \u00fcber die von Wear Parts Europe B.V. betriebenen Websites haben, wenn Sie auf Ihre pers\u00f6nlichen Daten zugreifen m\u00f6chten und\/oder wenn Sie Ihre pers\u00f6nlichen Daten \u00e4ndern m\u00f6chten, kontaktieren Sie uns bitte telefonisch unter <a href=\"tel:+31412407000\">+31 (0)412 40 7000<\/a> oder per E-Mail <a href=\"mailto:info@wearpartseurope.com\">info@wearpartseurope.com<\/a>.[\/vc_column_text][vc_custom_heading text=&#8220;Haftungsausschluss&#8220; font_container=&#8220;tag:h3|text_align:left&#8220; use_theme_fonts=&#8220;yes&#8220; el_class=&#8220;tussenkopje-privacy&#8220;][vc_column_text disable_pattern=&#8220;false&#8220; css=&#8220;.vc_custom_1699625151168{margin-bottom: 0px !important;}&#8220;]Die Informationen auf unserer Website (s) gezeigt, von Wear Parts Europe BV ist mit Sorgfalt zusammengestellt, aber die Richtigkeit und Vollst\u00e4ndigkeit kann nicht garantiert werden. Wear Parts Europe BV \u00fcbernimmt keine Haftung f\u00fcr die Richtigkeit und Vollst\u00e4ndigkeit der Informationen auf dieser (diesen) Website(s). Verweise auf Websites, die nicht von Wear Parts Europe B.V. verwaltet werden, dienen nur zu Informationszwecken. Obwohl Wear Parts Europe B.V. bei der Auswahl der Websites, auf die verwiesen wird, \u00e4u\u00dferst selektiv vorgeht, kann Wear Parts Europe B.V. weder f\u00fcr deren Inhalt und Betrieb noch f\u00fcr die Qualit\u00e4t der dort angebotenen Produkte und\/oder Dienstleistungen garantieren.<br \/>\nDie von uns betriebenen Websites enthalten Materialien und Dienstleistungen, die durch das Urheberrecht oder andere Gesetze \u00fcber geistiges Eigentum gesch\u00fctzt sind. Die unbefugte Nutzung dieser Materialien und Dienstleistungen kann diese Rechte oder Gesetze verletzen. Dem Nutzer unserer Website(s) ist es nicht gestattet, deren Inhalte ohne ausdr\u00fcckliche schriftliche Genehmigung von Wear Parts Europe B.V. zu vervielf\u00e4ltigen, zu \u00fcbertragen, zu vertreiben, zu verbreiten oder Dritten entgeltlich zur Verf\u00fcgung zu stellen.[\/vc_column_text][\/vc_column][\/vc_row]\n<\/div>","protected":false},"excerpt":{"rendered":"<p>[vc_row fullwidth=&#8220;true&#8220; fullwidth_content=&#8220;false&#8220; el_class=&#8220;row-header-geel&#8220;][vc_column][vc_custom_heading text=&#8220;Wear Parts Europe&#8220; font_container=&#8220;tag:h4|text_align:left|color:%23000000&#8243; use_theme_fonts=&#8220;yes&#8220; css_animation=&#8220;none&#8220; el_class=&#8220;subtitel-pagina&#8220;][vc_custom_heading text=&#8220;Erkl\u00e4rung zum Datenschutz&#8220; font_container=&#8220;tag:h1|text_align:left|color:%23000000&#8243; use_theme_fonts=&#8220;yes&#8220; css_animation=&#8220;none&#8220; el_class=&#8220;titel-pagina&#8220;][\/vc_column][\/vc_row][vc_row fullwidth=&#8220;true&#8220; fullwidth_content=&#8220;false&#8220; el_class=&#8220;row-buttons-contact&#8220;][vc_column][vc_column_text disable_pattern=&#8220;false&#8220; css=&#8220;.vc_custom_1699624923427{margin-bottom: 0px !important;}&#8220;]Unsere Datenschutzerkl\u00e4rung gilt f\u00fcr (die Verwendung von) pers\u00f6nliche(n) Daten und pers\u00f6nliche(n) Informationen, die Wear Parts Europe B.V. (m\u00fcndlich, schriftlich oder digital) zur Verf\u00fcgung gestellt werden, sowie f\u00fcr alle externen (Werbe-)Mitteilungen von [&hellip;]<\/p>\n","protected":false},"author":1,"featured_media":0,"parent":0,"menu_order":0,"comment_status":"closed","ping_status":"open","template":"","meta":{"_acf_changed":false,"content-type":"","footnotes":""},"class_list":["post-1505","page","type-page","status-publish","hentry"],"acf":[],"yoast_head":"<!-- This site is optimized with the Yoast SEO plugin v27.4 - https:\/\/yoast.com\/product\/yoast-seo-wordpress\/ -->\n<title>Erkl\u00e4rung zum Datenschutz - Wear Parts Europe<\/title>\n<meta name=\"robots\" content=\"index, follow, max-snippet:-1, max-image-preview:large, max-video-preview:-1\" \/>\n<link rel=\"canonical\" href=\"https:\/\/wearpartseurope.com\/de\/erklaerung-zum-datenschutz\/\" \/>\n<meta property=\"og:locale\" content=\"de_DE\" \/>\n<meta property=\"og:type\" content=\"article\" \/>\n<meta property=\"og:title\" content=\"Erkl\u00e4rung zum Datenschutz - Wear Parts Europe\" \/>\n<meta property=\"og:description\" content=\"[vc_row fullwidth=&#8220;true&#8220; fullwidth_content=&#8220;false&#8220; el_class=&#8220;row-header-geel&#8220;][vc_column][vc_custom_heading text=&#8220;Wear Parts Europe&#8220; font_container=&#8220;tag:h4|text_align:left|color:%23000000&#8243; use_theme_fonts=&#8220;yes&#8220; css_animation=&#8220;none&#8220; el_class=&#8220;subtitel-pagina&#8220;][vc_custom_heading text=&#8220;Erkl\u00e4rung zum Datenschutz&#8220; font_container=&#8220;tag:h1|text_align:left|color:%23000000&#8243; use_theme_fonts=&#8220;yes&#8220; css_animation=&#8220;none&#8220; el_class=&#8220;titel-pagina&#8220;][\/vc_column][\/vc_row][vc_row fullwidth=&#8220;true&#8220; fullwidth_content=&#8220;false&#8220; el_class=&#8220;row-buttons-contact&#8220;][vc_column][vc_column_text disable_pattern=&#8220;false&#8220; css=&#8220;.vc_custom_1699624923427{margin-bottom: 0px !important;}&#8220;]Unsere Datenschutzerkl\u00e4rung gilt f\u00fcr (die Verwendung von) pers\u00f6nliche(n) Daten und pers\u00f6nliche(n) Informationen, die Wear Parts Europe B.V. (m\u00fcndlich, schriftlich oder digital) zur Verf\u00fcgung gestellt werden, sowie f\u00fcr alle externen (Werbe-)Mitteilungen von [&hellip;]\" \/>\n<meta property=\"og:url\" content=\"https:\/\/wearpartseurope.com\/de\/erklaerung-zum-datenschutz\/\" \/>\n<meta property=\"og:site_name\" content=\"Wear Parts Europe\" \/>\n<meta property=\"article:publisher\" content=\"https:\/\/www.facebook.com\/Wearpartseurope\" \/>\n<meta property=\"article:modified_time\" content=\"2023-11-10T14:06:48+00:00\" \/>\n<meta name=\"twitter:card\" content=\"summary_large_image\" \/>\n<meta name=\"twitter:label1\" content=\"Gesch\u00e4tzte Lesezeit\" \/>\n\t<meta name=\"twitter:data1\" content=\"8\u00a0Minuten\" \/>\n<script type=\"application\/ld+json\" class=\"yoast-schema-graph\">{\"@context\":\"https:\\\/\\\/schema.org\",\"@graph\":[{\"@type\":\"WebPage\",\"@id\":\"https:\\\/\\\/wearpartseurope.com\\\/de\\\/erklaerung-zum-datenschutz\\\/\",\"url\":\"https:\\\/\\\/wearpartseurope.com\\\/de\\\/erklaerung-zum-datenschutz\\\/\",\"name\":\"Erkl\u00e4rung zum Datenschutz - Wear Parts Europe\",\"isPartOf\":{\"@id\":\"https:\\\/\\\/wearpartseurope.com\\\/de\\\/#website\"},\"datePublished\":\"2023-06-05T07:22:27+00:00\",\"dateModified\":\"2023-11-10T14:06:48+00:00\",\"breadcrumb\":{\"@id\":\"https:\\\/\\\/wearpartseurope.com\\\/de\\\/erklaerung-zum-datenschutz\\\/#breadcrumb\"},\"inLanguage\":\"de\",\"potentialAction\":[{\"@type\":\"ReadAction\",\"target\":[\"https:\\\/\\\/wearpartseurope.com\\\/de\\\/erklaerung-zum-datenschutz\\\/\"]}]},{\"@type\":\"BreadcrumbList\",\"@id\":\"https:\\\/\\\/wearpartseurope.com\\\/de\\\/erklaerung-zum-datenschutz\\\/#breadcrumb\",\"itemListElement\":[{\"@type\":\"ListItem\",\"position\":1,\"name\":\"Home\",\"item\":\"https:\\\/\\\/wearpartseurope.com\\\/de\\\/\"},{\"@type\":\"ListItem\",\"position\":2,\"name\":\"Erkl\u00e4rung zum Datenschutz\"}]},{\"@type\":\"WebSite\",\"@id\":\"https:\\\/\\\/wearpartseurope.com\\\/de\\\/#website\",\"url\":\"https:\\\/\\\/wearpartseurope.com\\\/de\\\/\",\"name\":\"Wear Parts Europe\",\"description\":\"Small parts. Massive impact.\",\"publisher\":{\"@id\":\"https:\\\/\\\/wearpartseurope.com\\\/de\\\/#organization\"},\"potentialAction\":[{\"@type\":\"SearchAction\",\"target\":{\"@type\":\"EntryPoint\",\"urlTemplate\":\"https:\\\/\\\/wearpartseurope.com\\\/de\\\/?s={search_term_string}\"},\"query-input\":{\"@type\":\"PropertyValueSpecification\",\"valueRequired\":true,\"valueName\":\"search_term_string\"}}],\"inLanguage\":\"de\"},{\"@type\":\"Organization\",\"@id\":\"https:\\\/\\\/wearpartseurope.com\\\/de\\\/#organization\",\"name\":\"Wear Parts Europe\",\"url\":\"https:\\\/\\\/wearpartseurope.com\\\/de\\\/\",\"logo\":{\"@type\":\"ImageObject\",\"inLanguage\":\"de\",\"@id\":\"https:\\\/\\\/wearpartseurope.com\\\/de\\\/#\\\/schema\\\/logo\\\/image\\\/\",\"url\":\"https:\\\/\\\/wearpartseurope.com\\\/wp-content\\\/uploads\\\/2023\\\/06\\\/wearparts-logo-header.svg\",\"contentUrl\":\"https:\\\/\\\/wearpartseurope.com\\\/wp-content\\\/uploads\\\/2023\\\/06\\\/wearparts-logo-header.svg\",\"width\":1,\"height\":1,\"caption\":\"Wear Parts Europe\"},\"image\":{\"@id\":\"https:\\\/\\\/wearpartseurope.com\\\/de\\\/#\\\/schema\\\/logo\\\/image\\\/\"},\"sameAs\":[\"https:\\\/\\\/www.facebook.com\\\/Wearpartseurope\",\"https:\\\/\\\/www.linkedin.com\\\/company\\\/wearpartseurope\\\/about\\\/\",\"https:\\\/\\\/www.instagram.com\\\/wearpartseurope\\\/\"]}]}<\/script>\n<!-- \/ Yoast SEO plugin. -->","yoast_head_json":{"title":"Erkl\u00e4rung zum Datenschutz - Wear Parts Europe","robots":{"index":"index","follow":"follow","max-snippet":"max-snippet:-1","max-image-preview":"max-image-preview:large","max-video-preview":"max-video-preview:-1"},"canonical":"https:\/\/wearpartseurope.com\/de\/erklaerung-zum-datenschutz\/","og_locale":"de_DE","og_type":"article","og_title":"Erkl\u00e4rung zum Datenschutz - Wear Parts Europe","og_description":"[vc_row fullwidth=&#8220;true&#8220; fullwidth_content=&#8220;false&#8220; el_class=&#8220;row-header-geel&#8220;][vc_column][vc_custom_heading text=&#8220;Wear Parts Europe&#8220; font_container=&#8220;tag:h4|text_align:left|color:%23000000&#8243; use_theme_fonts=&#8220;yes&#8220; css_animation=&#8220;none&#8220; el_class=&#8220;subtitel-pagina&#8220;][vc_custom_heading text=&#8220;Erkl\u00e4rung zum Datenschutz&#8220; font_container=&#8220;tag:h1|text_align:left|color:%23000000&#8243; use_theme_fonts=&#8220;yes&#8220; css_animation=&#8220;none&#8220; el_class=&#8220;titel-pagina&#8220;][\/vc_column][\/vc_row][vc_row fullwidth=&#8220;true&#8220; fullwidth_content=&#8220;false&#8220; el_class=&#8220;row-buttons-contact&#8220;][vc_column][vc_column_text disable_pattern=&#8220;false&#8220; css=&#8220;.vc_custom_1699624923427{margin-bottom: 0px !important;}&#8220;]Unsere Datenschutzerkl\u00e4rung gilt f\u00fcr (die Verwendung von) pers\u00f6nliche(n) Daten und pers\u00f6nliche(n) Informationen, die Wear Parts Europe B.V. (m\u00fcndlich, schriftlich oder digital) zur Verf\u00fcgung gestellt werden, sowie f\u00fcr alle externen (Werbe-)Mitteilungen von [&hellip;]","og_url":"https:\/\/wearpartseurope.com\/de\/erklaerung-zum-datenschutz\/","og_site_name":"Wear Parts Europe","article_publisher":"https:\/\/www.facebook.com\/Wearpartseurope","article_modified_time":"2023-11-10T14:06:48+00:00","twitter_card":"summary_large_image","twitter_misc":{"Gesch\u00e4tzte Lesezeit":"8\u00a0Minuten"},"schema":{"@context":"https:\/\/schema.org","@graph":[{"@type":"WebPage","@id":"https:\/\/wearpartseurope.com\/de\/erklaerung-zum-datenschutz\/","url":"https:\/\/wearpartseurope.com\/de\/erklaerung-zum-datenschutz\/","name":"Erkl\u00e4rung zum Datenschutz - Wear Parts Europe","isPartOf":{"@id":"https:\/\/wearpartseurope.com\/de\/#website"},"datePublished":"2023-06-05T07:22:27+00:00","dateModified":"2023-11-10T14:06:48+00:00","breadcrumb":{"@id":"https:\/\/wearpartseurope.com\/de\/erklaerung-zum-datenschutz\/#breadcrumb"},"inLanguage":"de","potentialAction":[{"@type":"ReadAction","target":["https:\/\/wearpartseurope.com\/de\/erklaerung-zum-datenschutz\/"]}]},{"@type":"BreadcrumbList","@id":"https:\/\/wearpartseurope.com\/de\/erklaerung-zum-datenschutz\/#breadcrumb","itemListElement":[{"@type":"ListItem","position":1,"name":"Home","item":"https:\/\/wearpartseurope.com\/de\/"},{"@type":"ListItem","position":2,"name":"Erkl\u00e4rung zum Datenschutz"}]},{"@type":"WebSite","@id":"https:\/\/wearpartseurope.com\/de\/#website","url":"https:\/\/wearpartseurope.com\/de\/","name":"Wear Parts Europe","description":"Small parts. Massive impact.","publisher":{"@id":"https:\/\/wearpartseurope.com\/de\/#organization"},"potentialAction":[{"@type":"SearchAction","target":{"@type":"EntryPoint","urlTemplate":"https:\/\/wearpartseurope.com\/de\/?s={search_term_string}"},"query-input":{"@type":"PropertyValueSpecification","valueRequired":true,"valueName":"search_term_string"}}],"inLanguage":"de"},{"@type":"Organization","@id":"https:\/\/wearpartseurope.com\/de\/#organization","name":"Wear Parts Europe","url":"https:\/\/wearpartseurope.com\/de\/","logo":{"@type":"ImageObject","inLanguage":"de","@id":"https:\/\/wearpartseurope.com\/de\/#\/schema\/logo\/image\/","url":"https:\/\/wearpartseurope.com\/wp-content\/uploads\/2023\/06\/wearparts-logo-header.svg","contentUrl":"https:\/\/wearpartseurope.com\/wp-content\/uploads\/2023\/06\/wearparts-logo-header.svg","width":1,"height":1,"caption":"Wear Parts Europe"},"image":{"@id":"https:\/\/wearpartseurope.com\/de\/#\/schema\/logo\/image\/"},"sameAs":["https:\/\/www.facebook.com\/Wearpartseurope","https:\/\/www.linkedin.com\/company\/wearpartseurope\/about\/","https:\/\/www.instagram.com\/wearpartseurope\/"]}]}},"_links":{"self":[{"href":"https:\/\/wearpartseurope.com\/de\/wp-json\/wp\/v2\/pages\/1505","targetHints":{"allow":["GET"]}}],"collection":[{"href":"https:\/\/wearpartseurope.com\/de\/wp-json\/wp\/v2\/pages"}],"about":[{"href":"https:\/\/wearpartseurope.com\/de\/wp-json\/wp\/v2\/types\/page"}],"author":[{"embeddable":true,"href":"https:\/\/wearpartseurope.com\/de\/wp-json\/wp\/v2\/users\/1"}],"replies":[{"embeddable":true,"href":"https:\/\/wearpartseurope.com\/de\/wp-json\/wp\/v2\/comments?post=1505"}],"version-history":[{"count":4,"href":"https:\/\/wearpartseurope.com\/de\/wp-json\/wp\/v2\/pages\/1505\/revisions"}],"predecessor-version":[{"id":1515,"href":"https:\/\/wearpartseurope.com\/de\/wp-json\/wp\/v2\/pages\/1505\/revisions\/1515"}],"wp:attachment":[{"href":"https:\/\/wearpartseurope.com\/de\/wp-json\/wp\/v2\/media?parent=1505"}],"curies":[{"name":"wp","href":"https:\/\/api.w.org\/{rel}","templated":true}]}}