{"id":1590,"date":"2023-06-06T09:11:42","date_gmt":"2023-06-06T07:11:42","guid":{"rendered":"https:\/\/wearpartseurope.com\/kontakt\/sample-aanvragen\/"},"modified":"2024-03-05T16:01:49","modified_gmt":"2024-03-05T15:01:49","slug":"poptat-vzorek","status":"publish","type":"page","link":"https:\/\/wearpartseurope.com\/cs\/kontakt\/poptat-vzorek\/","title":{"rendered":"Poptat vzorek"},"content":{"rendered":"<div class=\"wpb-content-wrapper\">[vc_row fullwidth=&#8220;true&#8220; fullwidth_content=&#8220;false&#8220; el_class=&#8220;row-header-geel&#8220;][vc_column][vc_custom_heading text=&#8220;Kontakt&#8220; font_container=&#8220;tag:h4|text_align:left|color:%23000000&#8243; use_theme_fonts=&#8220;yes&#8220; css_animation=&#8220;none&#8220; el_class=&#8220;subtitel-pagina&#8220;][vc_custom_heading text=&#8220;Jak v\u00e1m m\u016f\u017eeme pomoci?&#8220; font_container=&#8220;tag:h1|text_align:left|color:%23000000&#8243; use_theme_fonts=&#8220;yes&#8220; css_animation=&#8220;none&#8220; el_class=&#8220;titel-pagina&#8220;][\/vc_column][\/vc_row][vc_row fullwidth=&#8220;true&#8220; fullwidth_content=&#8220;false&#8220; el_class=&#8220;row-buttons-contact&#8220;][vc_column][vc_column_text disable_pattern=&#8220;false&#8220; css=&#8220;.vc_custom_1709642510046{margin-bottom: 0px !important;}&#8220;]Pros\u00edm vyberte \u00a0<i class=\"fa-solid fa-arrow-turn-down\"><\/i>[\/vc_column_text][vc_btn title=&#8220;M\u00e1m dotaz&#8220; style=&#8220;custom&#8220; custom_background=&#8220;#ffffff&#8220; custom_text=&#8220;#000000&#8243; shape=&#8220;round&#8220; size=&#8220;lg&#8220; css_animation=&#8220;none&#8220; link=&#8220;url:%2Fcs%2Fkontakt|title:M%C3%A1m%20dotaz&#8220; el_class=&#8220;button-wit&#8220;][vc_btn title=&#8220;Chci cenovou nab\u00eddku&#8220; style=&#8220;custom&#8220; custom_background=&#8220;#ffffff&#8220; custom_text=&#8220;#000000&#8243; shape=&#8220;round&#8220; size=&#8220;lg&#8220; css_animation=&#8220;none&#8220; link=&#8220;url:%2Fcs%2Fkontakt%2Fpoptat-nabidku%2F|title:Poptat%20nab%C3%ADdku&#8220; el_class=&#8220;button-wit&#8220;][vc_btn title=&#8220;Chci vzorek produktu&#8220; style=&#8220;custom&#8220; custom_background=&#8220;#ffd200&#8243; custom_text=&#8220;#000000&#8243; shape=&#8220;round&#8220; size=&#8220;lg&#8220; css_animation=&#8220;none&#8220; link=&#8220;url:%2Fcs%2Fkontakt%2Fpoptat-vzorek%2F|title:Poptat%20vzorek&#8220; el_class=&#8220;button-geel&#8220;][\/vc_column][\/vc_row][vc_row fullwidth=&#8220;true&#8220; fullwidth_content=&#8220;false&#8220; animation=&#8220;fade-in&#8220; el_class=&#8220;row-contactformulier row-offerte&#8220;][vc_column]\n<div class=\"wpcf7 no-js\" id=\"wpcf7-f1595-o1\" lang=\"cs-CZ\" dir=\"ltr\" data-wpcf7-id=\"1595\">\n<div class=\"screen-reader-response\"><p role=\"status\" aria-live=\"polite\" aria-atomic=\"true\"><\/p> <ul><\/ul><\/div>\n<form action=\"\/cs\/wp-json\/wp\/v2\/pages\/1590#wpcf7-f1595-o1\" method=\"post\" class=\"wpcf7-form init\" aria-label=\"Kontaktn\u00ed formul\u00e1\u0159\" enctype=\"multipart\/form-data\" novalidate=\"novalidate\" data-status=\"init\">\n<fieldset class=\"hidden-fields-container\"><input type=\"hidden\" name=\"_wpcf7\" value=\"1595\" \/><input type=\"hidden\" name=\"_wpcf7_version\" value=\"6.1.5\" \/><input type=\"hidden\" name=\"_wpcf7_locale\" value=\"cs_CZ\" \/><input type=\"hidden\" name=\"_wpcf7_unit_tag\" value=\"wpcf7-f1595-o1\" \/><input type=\"hidden\" name=\"_wpcf7_container_post\" value=\"0\" \/><input type=\"hidden\" name=\"_wpcf7_posted_data_hash\" value=\"\" \/><input type=\"hidden\" name=\"_extcf7_conditional_options\" value=\"{&quot;form_id&quot;:1595,&quot;conditions&quot;:[]}\" \/><input type=\"hidden\" name=\"_wpcf7_recaptcha_response\" value=\"\" \/>\n<\/fieldset>\n<div class=\"contactformulier-wearparts\">\n\t<div class=\"titels-contactform\">\n\t\t<p>Soukrom\u00e9 informace\n\t\t<\/p>\n\t<\/div>\n\t<div class=\"vc_row\">\n\t\t<div class=\"vc_col-sm-4\">\n\t\t\t<p><span class=\"wpcf7-form-control-wrap\" data-name=\"naam\"><input size=\"40\" maxlength=\"400\" class=\"wpcf7-form-control wpcf7-text wpcf7-validates-as-required\" aria-required=\"true\" aria-invalid=\"false\" placeholder=\"Jm\u00e9no a p\u0159\u00edjmen\u00ed*\" value=\"\" type=\"text\" name=\"naam\" \/><\/span>\n\t\t\t<\/p>\n\t\t<\/div>\n\t\t<div class=\"vc_col-sm-4\">\n\t\t\t<p><span class=\"wpcf7-form-control-wrap\" data-name=\"bedrijfsnaam\"><input size=\"40\" maxlength=\"400\" class=\"wpcf7-form-control wpcf7-text wpcf7-validates-as-required\" aria-required=\"true\" aria-invalid=\"false\" placeholder=\"N\u00e1zev spole\u010dnosti*\" value=\"\" type=\"text\" name=\"bedrijfsnaam\" \/><\/span>\n\t\t\t<\/p>\n\t\t<\/div>\n\t\t<div class=\"vc_col-sm-4\">\n\t\t\t<p><span class=\"wpcf7-form-control-wrap\" data-name=\"land\"><select class=\"wpcf7-form-control wpcf7-select wpcf7-validates-as-required\" aria-required=\"true\" aria-invalid=\"false\" name=\"land\"><option value=\"\u010cesk\u00e1 Republika\">\u010cesk\u00e1 Republika<\/option><option value=\"Afgh\u00e1nist\u00e1n\">Afgh\u00e1nist\u00e1n<\/option><option value=\"Alb\u00e1nie\">Alb\u00e1nie<\/option><option value=\"Al\u017e\u00edrsko\">Al\u017e\u00edrsko<\/option><option value=\"Argentina\">Argentina<\/option><option value=\"Arm\u00e9nie\">Arm\u00e9nie<\/option><option value=\"Austr\u00e1lie\">Austr\u00e1lie<\/option><option value=\"Rakousko\">Rakousko<\/option><option value=\"B\u011blorusko\">B\u011blorusko<\/option><option value=\"Belgie\">Belgie<\/option><option value=\"Bol\u00edvie\">Bol\u00edvie<\/option><option value=\"Bulharsko\">Bulharsko<\/option><option value=\"Kamerun\">Kamerun<\/option><option value=\"Kanada\">Kanada<\/option><option value=\"Chile\">Chile<\/option><option value=\"\u010c\u00edna\">\u010c\u00edna<\/option><option value=\"Kolumbie\">Kolumbie<\/option><option value=\"Kongo\">Kongo<\/option><option value=\"Kostarika\">Kostarika<\/option><option value=\"Chorvatsko\">Chorvatsko<\/option><option value=\"D\u00e1nsko\">D\u00e1nsko<\/option><option value=\"Ekv\u00e1dor\">Ekv\u00e1dor<\/option><option value=\"Egypt\">Egypt<\/option><option value=\"Estonsko\">Estonsko<\/option><option value=\"Finsko\">Finsko<\/option><option value=\"Francie\">Francie<\/option><option value=\"N\u011bmecko\">N\u011bmecko<\/option><option value=\"Ghana\">Ghana<\/option><option value=\"\u0158ecko\">\u0158ecko<\/option><option value=\"Guinea\">Guinea<\/option><option value=\"Guyana\">Guyana<\/option><option value=\"Ma\u010farsko\">Ma\u010farsko<\/option><option value=\"Island\">Island<\/option><option value=\"Indie\">Indie<\/option><option value=\"Ir\u00e1k\">Ir\u00e1k<\/option><option value=\"\u00cdr\u00e1n\">\u00cdr\u00e1n<\/option><option value=\"Irsko\">Irsko<\/option><option value=\"Izrael\">Izrael<\/option><option value=\"It\u00e1lie\">It\u00e1lie<\/option><option value=\"Japonsko\">Japonsko<\/option><option value=\"Jord\u00e1nsko\">Jord\u00e1nsko<\/option><option value=\"Kazachst\u00e1n\">Kazachst\u00e1n<\/option><option value=\"Ke\u0148a\">Ke\u0148a<\/option><option value=\"Kosovo\">Kosovo<\/option><option value=\"Kuvajt\">Kuvajt<\/option><option value=\"Loty\u0161sko\">Loty\u0161sko<\/option><option value=\"Libye\">Libye<\/option><option value=\"Litva\">Litva<\/option><option value=\"Lucembursko\">Lucembursko<\/option><option value=\"Mexiko\">Mexiko<\/option><option value=\"Mongolsko\">Mongolsko<\/option><option value=\"Maroko\">Maroko<\/option><option value=\"Namibie\">Namibie<\/option><option value=\"Nizozemsko\">Nizozemsko<\/option><option value=\"Nov\u00fd Z\u00e9land\">Nov\u00fd Z\u00e9land<\/option><option value=\"Severn\u00ed Korea\">Severn\u00ed Korea<\/option><option value=\"Norsko\">Norsko<\/option><option value=\"P\u00e1kist\u00e1n\">P\u00e1kist\u00e1n<\/option><option value=\"Paraguay\">Paraguay<\/option><option value=\"Peru\">Peru<\/option><option value=\"Polsko\">Polsko<\/option><option value=\"Portugalsko\">Portugalsko<\/option><option value=\"Rumunsko\">Rumunsko<\/option><option value=\"Rusko\">Rusko<\/option><option value=\"Sa\u00fadsk\u00e1 Ar\u00e1bie\">Sa\u00fadsk\u00e1 Ar\u00e1bie<\/option><option value=\"Senegal\">Senegal<\/option><option value=\"Srbsko\">Srbsko<\/option><option value=\"Singapur\">Singapur<\/option><option value=\"Slovensko\">Slovensko<\/option><option value=\"Slovinsko\">Slovinsko<\/option><option value=\"Ji\u017en\u00ed Afrika\">Ji\u017en\u00ed Afrika<\/option><option value=\"Ji\u017en\u00ed Korea\">Ji\u017en\u00ed Korea<\/option><option value=\"\u0160pan\u011blsko\">\u0160pan\u011blsko<\/option><option value=\"S\u00fad\u00e1n\">S\u00fad\u00e1n<\/option><option value=\"Suriname\">Suriname<\/option><option value=\"\u0160v\u00e9dsko\">\u0160v\u00e9dsko<\/option><option value=\"\u0160v\u00fdcarsko\">\u0160v\u00fdcarsko<\/option><option value=\"S\u00fdrie\">S\u00fdrie<\/option><option value=\"Tchaj-wan\">Tchaj-wan<\/option><option value=\"Thajsko\">Thajsko<\/option><option value=\"Tunisko\">Tunisko<\/option><option value=\"Turecko\">Turecko<\/option><option value=\"Ukrajina\">Ukrajina<\/option><option value=\"Spojen\u00e9 kr\u00e1lovstv\u00ed\">Spojen\u00e9 kr\u00e1lovstv\u00ed<\/option><option value=\"Spojen\u00e9 arabsk\u00e9 emir\u00e1ty\">Spojen\u00e9 arabsk\u00e9 emir\u00e1ty<\/option><option value=\"Spojen\u00e9 st\u00e1ty\">Spojen\u00e9 st\u00e1ty<\/option><option value=\"Uruguay\">Uruguay<\/option><option value=\"Venezuela\">Venezuela<\/option><option value=\"Vietnam\">Vietnam<\/option><\/select><\/span>\n\t\t\t<\/p>\n\t\t<\/div>\n\t<\/div>\n\t<div class=\"vc_row\">\n\t\t<div class=\"vc_col-sm-4\">\n\t\t\t<p><span class=\"wpcf7-form-control-wrap\" data-name=\"straat\"><input size=\"40\" maxlength=\"400\" class=\"wpcf7-form-control wpcf7-text wpcf7-validates-as-required\" aria-required=\"true\" aria-invalid=\"false\" placeholder=\"Ulice*\" value=\"\" type=\"text\" name=\"straat\" \/><\/span>\n\t\t\t<\/p>\n\t\t<\/div>\n\t\t<div class=\"vc_col-sm-4\">\n\t\t\t<p><span class=\"wpcf7-form-control-wrap\" data-name=\"postcode\"><input size=\"40\" maxlength=\"400\" class=\"wpcf7-form-control wpcf7-text wpcf7-validates-as-required\" aria-required=\"true\" aria-invalid=\"false\" placeholder=\"PS\u010c*\" value=\"\" type=\"text\" name=\"postcode\" \/><\/span>\n\t\t\t<\/p>\n\t\t<\/div>\n\t\t<div class=\"vc_col-sm-4\">\n\t\t\t<p><span class=\"wpcf7-form-control-wrap\" data-name=\"plaats\"><input size=\"40\" maxlength=\"400\" class=\"wpcf7-form-control wpcf7-text wpcf7-validates-as-required\" aria-required=\"true\" aria-invalid=\"false\" placeholder=\"M\u011bsto*\" value=\"\" type=\"text\" name=\"plaats\" \/><\/span>\n\t\t\t<\/p>\n\t\t<\/div>\n\t<\/div>\n\t<div class=\"vc_row laatste-row\">\n\t\t<div class=\"vc_col-sm-4\">\n\t\t\t<p><span class=\"wpcf7-form-control-wrap\" data-name=\"telefoonnummer\"><input size=\"40\" maxlength=\"400\" class=\"wpcf7-form-control wpcf7-tel wpcf7-validates-as-required wpcf7-text wpcf7-validates-as-tel\" aria-required=\"true\" aria-invalid=\"false\" placeholder=\"Tel. \u010c\u00edslo*\" value=\"\" type=\"tel\" name=\"telefoonnummer\" \/><\/span>\n\t\t\t<\/p>\n\t\t<\/div>\n\t\t<div class=\"vc_col-sm-4\">\n\t\t\t<p><span class=\"wpcf7-form-control-wrap\" data-name=\"emailadres\"><input size=\"40\" maxlength=\"400\" class=\"wpcf7-form-control wpcf7-email wpcf7-validates-as-required wpcf7-text wpcf7-validates-as-email\" aria-required=\"true\" aria-invalid=\"false\" placeholder=\"Email*\" value=\"\" type=\"email\" name=\"emailadres\" \/><\/span>\n\t\t\t<\/p>\n\t\t<\/div>\n\t<\/div>\n\t<div class=\"titels-contactform\">\n\t\t<p>Produktov\u00e9 informace\n\t\t<\/p>\n\t<\/div>\n\t<div class=\"vc_row\">\n\t\t<div class=\"vc_col-sm-4\">\n\t\t\t<p><span class=\"wpcf7-form-control-wrap\" data-name=\"merk\"><input size=\"40\" maxlength=\"400\" class=\"wpcf7-form-control wpcf7-text wpcf7-validates-as-required\" aria-required=\"true\" aria-invalid=\"false\" placeholder=\"Zna\u010dka m\u00e9ho stroje\" value=\"\" type=\"text\" name=\"merk\" \/><\/span>\n\t\t\t<\/p>\n\t\t<\/div>\n\t\t<div class=\"vc_col-sm-4\">\n\t\t\t<p><span class=\"wpcf7-form-control-wrap\" data-name=\"machine\"><input size=\"40\" maxlength=\"400\" class=\"wpcf7-form-control wpcf7-text\" aria-invalid=\"false\" placeholder=\"Typ stroje (voliteln\u00e9)\" value=\"\" type=\"text\" name=\"machine\" \/><\/span>\n\t\t\t<\/p>\n\t\t<\/div>\n\t\t<div class=\"vc_col-sm-4\">\n\t\t\t<p><span class=\"wpcf7-form-control-wrap\" data-name=\"piece\"><input size=\"40\" maxlength=\"400\" class=\"wpcf7-form-control wpcf7-text\" aria-invalid=\"false\" placeholder=\"Typ d\u00edlu (voliteln\u00e9)\" value=\"\" type=\"text\" name=\"piece\" \/><\/span>\n\t\t\t<\/p>\n\t\t<\/div>\n\t<\/div>\n\t<div class=\"vc_row row-upload-file\">\n\t\t<div class=\"vc_col-sm-6\">\n\t\t\t<p>Pro zlep\u0161en\u00ed servisu pro v\u00e1s, pros\u00edm nahrajte obr\u00e1zek va\u0161eho stroje, nebo pracovn\u00edho n\u00e1stroje.\n\t\t\t<\/p>\n\t\t\t<p><span class=\"wpcf7-form-control-wrap\" data-name=\"foto\"><input size=\"40\" class=\"wpcf7-form-control wpcf7-file foto-uploaden\" accept=\"image\/*,.jpg,.jpeg,.png\" aria-invalid=\"false\" type=\"file\" name=\"foto\" \/><\/span>\n\t\t\t<\/p>\n\t\t<\/div>\n\t\t<div class=\"vc_col-sm-6\">\n\t\t<\/div>\n\t<\/div>\n\t<div class=\"vc_row\">\n\t\t<div class=\"vc_col-sm-6 twaalfkolom\">\n\t\t\t<p><span class=\"wpcf7-form-control-wrap\" data-name=\"vraag\"><textarea cols=\"40\" rows=\"10\" maxlength=\"2000\" class=\"wpcf7-form-control wpcf7-textarea\" aria-invalid=\"false\" placeholder=\"Va\u0161e dotazy\/pozn\u00e1mky\" name=\"vraag\"><\/textarea><\/span><br \/>\n<span class=\"wpcf7-form-control-wrap\" data-name=\"privacy\"><span class=\"wpcf7-form-control wpcf7-acceptance\"><span class=\"wpcf7-list-item\"><label><input type=\"checkbox\" name=\"privacy\" value=\"1\" aria-invalid=\"false\" \/><span class=\"wpcf7-list-item-label\">Souhlas\u00edm se <a href=\"https:\/\/wearpartseurope.com\/privacy-statement\/\" target=\"_blank\">z\u00e1sadami ochrany osobn\u00edch \u00fadaj\u016f<\/a> spole\u010dnosti Wear Parts Europe<\/span><\/label><\/span><\/span><\/span><br \/>\n<input class=\"wpcf7-form-control wpcf7-submit has-spinner\" type=\"submit\" value=\"Poslat\" \/>\n\t\t\t<\/p>\n\t\t<\/div>\n\t<input class=\"wpcf7-form-control wpcf7-hidden\" value=\"\" type=\"hidden\" name=\"utm_source\" \/>\n\t<input class=\"wpcf7-form-control wpcf7-hidden\" value=\"\" type=\"hidden\" name=\"utm_medium\" \/>\n\t<input class=\"wpcf7-form-control wpcf7-hidden\" value=\"\" type=\"hidden\" name=\"utm_campaign\" \/>\n\t<input class=\"wpcf7-form-control wpcf7-hidden\" value=\"\" type=\"hidden\" name=\"gclid\" \/>\n\t<input class=\"wpcf7-form-control wpcf7-hidden\" value=\"\" type=\"hidden\" name=\"fbclid\" \/>\n\t<input class=\"wpcf7-form-control wpcf7-hidden\" value=\"\" type=\"hidden\" name=\"consent_state\" \/>\n\t<\/div>\n<\/div><div class=\"wpcf7-response-output\" aria-hidden=\"true\"><\/div>\n<\/form>\n<\/div>\n[\/vc_column][\/vc_row]\n<\/div>","protected":false},"excerpt":{"rendered":"<p>[vc_row fullwidth=&#8220;true&#8220; fullwidth_content=&#8220;false&#8220; el_class=&#8220;row-header-geel&#8220;][vc_column][vc_custom_heading text=&#8220;Kontakt&#8220; font_container=&#8220;tag:h4|text_align:left|color:%23000000&#8243; use_theme_fonts=&#8220;yes&#8220; css_animation=&#8220;none&#8220; el_class=&#8220;subtitel-pagina&#8220;][vc_custom_heading text=&#8220;Jak v\u00e1m m\u016f\u017eeme pomoci?&#8220; font_container=&#8220;tag:h1|text_align:left|color:%23000000&#8243; use_theme_fonts=&#8220;yes&#8220; css_animation=&#8220;none&#8220; el_class=&#8220;titel-pagina&#8220;][\/vc_column][\/vc_row][vc_row fullwidth=&#8220;true&#8220; fullwidth_content=&#8220;false&#8220; el_class=&#8220;row-buttons-contact&#8220;][vc_column][vc_column_text disable_pattern=&#8220;false&#8220; css=&#8220;.vc_custom_1709642510046{margin-bottom: 0px !important;}&#8220;]Pros\u00edm vyberte \u00a0[\/vc_column_text][vc_btn title=&#8220;M\u00e1m dotaz&#8220; style=&#8220;custom&#8220; custom_background=&#8220;#ffffff&#8220; custom_text=&#8220;#000000&#8243; shape=&#8220;round&#8220; size=&#8220;lg&#8220; css_animation=&#8220;none&#8220; link=&#8220;url:%2Fcs%2Fkontakt|title:M%C3%A1m%20dotaz&#8220; el_class=&#8220;button-wit&#8220;][vc_btn title=&#8220;Chci cenovou nab\u00eddku&#8220; style=&#8220;custom&#8220; custom_background=&#8220;#ffffff&#8220; custom_text=&#8220;#000000&#8243; shape=&#8220;round&#8220; size=&#8220;lg&#8220; css_animation=&#8220;none&#8220; link=&#8220;url:%2Fcs%2Fkontakt%2Fpoptat-nabidku%2F|title:Poptat%20nab%C3%ADdku&#8220; el_class=&#8220;button-wit&#8220;][vc_btn title=&#8220;Chci vzorek produktu&#8220; style=&#8220;custom&#8220; custom_background=&#8220;#ffd200&#8243; custom_text=&#8220;#000000&#8243; shape=&#8220;round&#8220; size=&#8220;lg&#8220; [&hellip;]<\/p>\n","protected":false},"author":1,"featured_media":0,"parent":1581,"menu_order":0,"comment_status":"closed","ping_status":"closed","template":"","meta":{"_acf_changed":false,"footnotes":""},"class_list":["post-1590","page","type-page","status-publish","hentry"],"acf":[],"yoast_head":"<!-- This site is optimized with the Yoast SEO plugin v27.3 - https:\/\/yoast.com\/product\/yoast-seo-wordpress\/ -->\n<title>Zjist\u011bte v\u00edce o na\u0161ich pracovn\u00edch n\u00e1stroj\u00edch | Wear Parts Europe<\/title>\n<meta name=\"description\" content=\"Zaj\u00edm\u00e1 v\u00e1s, jak odoln\u00e9 jsou ve zkute\u010dniosti na\u0161e ot\u011bruvzdorn\u00e9 pracovn\u00ed n\u00e1stroje? Kontaktujte n\u00e1s a my v\u00e1m r\u00e1di za\u0161leme vzorek k vyzkou\u0161en\u00ed.\" \/>\n<meta name=\"robots\" content=\"index, follow, max-snippet:-1, max-image-preview:large, max-video-preview:-1\" \/>\n<link rel=\"canonical\" href=\"https:\/\/wearpartseurope.com\/cs\/kontakt\/poptat-vzorek\/\" \/>\n<meta property=\"og:locale\" content=\"cs_CZ\" \/>\n<meta property=\"og:type\" content=\"article\" \/>\n<meta property=\"og:title\" content=\"Zjist\u011bte v\u00edce o na\u0161ich pracovn\u00edch n\u00e1stroj\u00edch | Wear Parts Europe\" \/>\n<meta property=\"og:description\" content=\"Zaj\u00edm\u00e1 v\u00e1s, jak odoln\u00e9 jsou ve zkute\u010dniosti na\u0161e ot\u011bruvzdorn\u00e9 pracovn\u00ed n\u00e1stroje? Kontaktujte n\u00e1s a my v\u00e1m r\u00e1di za\u0161leme vzorek k vyzkou\u0161en\u00ed.\" \/>\n<meta property=\"og:url\" content=\"https:\/\/wearpartseurope.com\/cs\/kontakt\/poptat-vzorek\/\" \/>\n<meta property=\"og:site_name\" content=\"Wear Parts Europe\" \/>\n<meta property=\"article:publisher\" content=\"https:\/\/www.facebook.com\/Wearpartseurope\" \/>\n<meta property=\"article:modified_time\" content=\"2024-03-05T15:01:49+00:00\" \/>\n<meta name=\"twitter:card\" content=\"summary_large_image\" \/>\n<meta name=\"twitter:label1\" content=\"Odhadovan\u00e1 doba \u010dten\u00ed\" \/>\n\t<meta name=\"twitter:data1\" content=\"1 minuta\" \/>\n<script type=\"application\/ld+json\" class=\"yoast-schema-graph\">{\"@context\":\"https:\\\/\\\/schema.org\",\"@graph\":[{\"@type\":\"WebPage\",\"@id\":\"https:\\\/\\\/wearpartseurope.com\\\/cs\\\/kontakt\\\/poptat-vzorek\\\/\",\"url\":\"https:\\\/\\\/wearpartseurope.com\\\/cs\\\/kontakt\\\/poptat-vzorek\\\/\",\"name\":\"Zjist\u011bte v\u00edce o na\u0161ich pracovn\u00edch n\u00e1stroj\u00edch | Wear Parts Europe\",\"isPartOf\":{\"@id\":\"https:\\\/\\\/wearpartseurope.com\\\/cs\\\/#website\"},\"datePublished\":\"2023-06-06T07:11:42+00:00\",\"dateModified\":\"2024-03-05T15:01:49+00:00\",\"description\":\"Zaj\u00edm\u00e1 v\u00e1s, jak odoln\u00e9 jsou ve zkute\u010dniosti na\u0161e ot\u011bruvzdorn\u00e9 pracovn\u00ed n\u00e1stroje? Kontaktujte n\u00e1s a my v\u00e1m r\u00e1di za\u0161leme vzorek k vyzkou\u0161en\u00ed.\",\"breadcrumb\":{\"@id\":\"https:\\\/\\\/wearpartseurope.com\\\/cs\\\/kontakt\\\/poptat-vzorek\\\/#breadcrumb\"},\"inLanguage\":\"cs\",\"potentialAction\":[{\"@type\":\"ReadAction\",\"target\":[\"https:\\\/\\\/wearpartseurope.com\\\/cs\\\/kontakt\\\/poptat-vzorek\\\/\"]}]},{\"@type\":\"BreadcrumbList\",\"@id\":\"https:\\\/\\\/wearpartseurope.com\\\/cs\\\/kontakt\\\/poptat-vzorek\\\/#breadcrumb\",\"itemListElement\":[{\"@type\":\"ListItem\",\"position\":1,\"name\":\"Home\",\"item\":\"https:\\\/\\\/wearpartseurope.com\\\/cs\\\/\"},{\"@type\":\"ListItem\",\"position\":2,\"name\":\"Kontakt\",\"item\":\"https:\\\/\\\/wearpartseurope.com\\\/cs\\\/kontakt\\\/\"},{\"@type\":\"ListItem\",\"position\":3,\"name\":\"Poptat vzorek\"}]},{\"@type\":\"WebSite\",\"@id\":\"https:\\\/\\\/wearpartseurope.com\\\/cs\\\/#website\",\"url\":\"https:\\\/\\\/wearpartseurope.com\\\/cs\\\/\",\"name\":\"Wear Parts Europe\",\"description\":\"Mal\u00fd d\u00edl, velk\u00fd n\u00e1raz\",\"publisher\":{\"@id\":\"https:\\\/\\\/wearpartseurope.com\\\/cs\\\/#organization\"},\"potentialAction\":[{\"@type\":\"SearchAction\",\"target\":{\"@type\":\"EntryPoint\",\"urlTemplate\":\"https:\\\/\\\/wearpartseurope.com\\\/cs\\\/?s={search_term_string}\"},\"query-input\":{\"@type\":\"PropertyValueSpecification\",\"valueRequired\":true,\"valueName\":\"search_term_string\"}}],\"inLanguage\":\"cs\"},{\"@type\":\"Organization\",\"@id\":\"https:\\\/\\\/wearpartseurope.com\\\/cs\\\/#organization\",\"name\":\"Wear Parts Europe\",\"url\":\"https:\\\/\\\/wearpartseurope.com\\\/cs\\\/\",\"logo\":{\"@type\":\"ImageObject\",\"inLanguage\":\"cs\",\"@id\":\"https:\\\/\\\/wearpartseurope.com\\\/cs\\\/#\\\/schema\\\/logo\\\/image\\\/\",\"url\":\"https:\\\/\\\/wearpartseurope.com\\\/wp-content\\\/uploads\\\/2023\\\/06\\\/wearparts-logo-header.svg\",\"contentUrl\":\"https:\\\/\\\/wearpartseurope.com\\\/wp-content\\\/uploads\\\/2023\\\/06\\\/wearparts-logo-header.svg\",\"width\":1,\"height\":1,\"caption\":\"Wear Parts Europe\"},\"image\":{\"@id\":\"https:\\\/\\\/wearpartseurope.com\\\/cs\\\/#\\\/schema\\\/logo\\\/image\\\/\"},\"sameAs\":[\"https:\\\/\\\/www.facebook.com\\\/Wearpartseurope\",\"https:\\\/\\\/www.linkedin.com\\\/company\\\/wearpartseurope\\\/about\\\/\",\"https:\\\/\\\/www.instagram.com\\\/wearpartseurope\\\/\"]}]}<\/script>\n<!-- \/ Yoast SEO plugin. -->","yoast_head_json":{"title":"Zjist\u011bte v\u00edce o na\u0161ich pracovn\u00edch n\u00e1stroj\u00edch | Wear Parts Europe","description":"Zaj\u00edm\u00e1 v\u00e1s, jak odoln\u00e9 jsou ve zkute\u010dniosti na\u0161e ot\u011bruvzdorn\u00e9 pracovn\u00ed n\u00e1stroje? Kontaktujte n\u00e1s a my v\u00e1m r\u00e1di za\u0161leme vzorek k vyzkou\u0161en\u00ed.","robots":{"index":"index","follow":"follow","max-snippet":"max-snippet:-1","max-image-preview":"max-image-preview:large","max-video-preview":"max-video-preview:-1"},"canonical":"https:\/\/wearpartseurope.com\/cs\/kontakt\/poptat-vzorek\/","og_locale":"cs_CZ","og_type":"article","og_title":"Zjist\u011bte v\u00edce o na\u0161ich pracovn\u00edch n\u00e1stroj\u00edch | Wear Parts Europe","og_description":"Zaj\u00edm\u00e1 v\u00e1s, jak odoln\u00e9 jsou ve zkute\u010dniosti na\u0161e ot\u011bruvzdorn\u00e9 pracovn\u00ed n\u00e1stroje? Kontaktujte n\u00e1s a my v\u00e1m r\u00e1di za\u0161leme vzorek k vyzkou\u0161en\u00ed.","og_url":"https:\/\/wearpartseurope.com\/cs\/kontakt\/poptat-vzorek\/","og_site_name":"Wear Parts Europe","article_publisher":"https:\/\/www.facebook.com\/Wearpartseurope","article_modified_time":"2024-03-05T15:01:49+00:00","twitter_card":"summary_large_image","twitter_misc":{"Odhadovan\u00e1 doba \u010dten\u00ed":"1 minuta"},"schema":{"@context":"https:\/\/schema.org","@graph":[{"@type":"WebPage","@id":"https:\/\/wearpartseurope.com\/cs\/kontakt\/poptat-vzorek\/","url":"https:\/\/wearpartseurope.com\/cs\/kontakt\/poptat-vzorek\/","name":"Zjist\u011bte v\u00edce o na\u0161ich pracovn\u00edch n\u00e1stroj\u00edch | Wear Parts Europe","isPartOf":{"@id":"https:\/\/wearpartseurope.com\/cs\/#website"},"datePublished":"2023-06-06T07:11:42+00:00","dateModified":"2024-03-05T15:01:49+00:00","description":"Zaj\u00edm\u00e1 v\u00e1s, jak odoln\u00e9 jsou ve zkute\u010dniosti na\u0161e ot\u011bruvzdorn\u00e9 pracovn\u00ed n\u00e1stroje? Kontaktujte n\u00e1s a my v\u00e1m r\u00e1di za\u0161leme vzorek k vyzkou\u0161en\u00ed.","breadcrumb":{"@id":"https:\/\/wearpartseurope.com\/cs\/kontakt\/poptat-vzorek\/#breadcrumb"},"inLanguage":"cs","potentialAction":[{"@type":"ReadAction","target":["https:\/\/wearpartseurope.com\/cs\/kontakt\/poptat-vzorek\/"]}]},{"@type":"BreadcrumbList","@id":"https:\/\/wearpartseurope.com\/cs\/kontakt\/poptat-vzorek\/#breadcrumb","itemListElement":[{"@type":"ListItem","position":1,"name":"Home","item":"https:\/\/wearpartseurope.com\/cs\/"},{"@type":"ListItem","position":2,"name":"Kontakt","item":"https:\/\/wearpartseurope.com\/cs\/kontakt\/"},{"@type":"ListItem","position":3,"name":"Poptat vzorek"}]},{"@type":"WebSite","@id":"https:\/\/wearpartseurope.com\/cs\/#website","url":"https:\/\/wearpartseurope.com\/cs\/","name":"Wear Parts Europe","description":"Mal\u00fd d\u00edl, velk\u00fd n\u00e1raz","publisher":{"@id":"https:\/\/wearpartseurope.com\/cs\/#organization"},"potentialAction":[{"@type":"SearchAction","target":{"@type":"EntryPoint","urlTemplate":"https:\/\/wearpartseurope.com\/cs\/?s={search_term_string}"},"query-input":{"@type":"PropertyValueSpecification","valueRequired":true,"valueName":"search_term_string"}}],"inLanguage":"cs"},{"@type":"Organization","@id":"https:\/\/wearpartseurope.com\/cs\/#organization","name":"Wear Parts Europe","url":"https:\/\/wearpartseurope.com\/cs\/","logo":{"@type":"ImageObject","inLanguage":"cs","@id":"https:\/\/wearpartseurope.com\/cs\/#\/schema\/logo\/image\/","url":"https:\/\/wearpartseurope.com\/wp-content\/uploads\/2023\/06\/wearparts-logo-header.svg","contentUrl":"https:\/\/wearpartseurope.com\/wp-content\/uploads\/2023\/06\/wearparts-logo-header.svg","width":1,"height":1,"caption":"Wear Parts Europe"},"image":{"@id":"https:\/\/wearpartseurope.com\/cs\/#\/schema\/logo\/image\/"},"sameAs":["https:\/\/www.facebook.com\/Wearpartseurope","https:\/\/www.linkedin.com\/company\/wearpartseurope\/about\/","https:\/\/www.instagram.com\/wearpartseurope\/"]}]}},"_links":{"self":[{"href":"https:\/\/wearpartseurope.com\/cs\/wp-json\/wp\/v2\/pages\/1590","targetHints":{"allow":["GET"]}}],"collection":[{"href":"https:\/\/wearpartseurope.com\/cs\/wp-json\/wp\/v2\/pages"}],"about":[{"href":"https:\/\/wearpartseurope.com\/cs\/wp-json\/wp\/v2\/types\/page"}],"author":[{"embeddable":true,"href":"https:\/\/wearpartseurope.com\/cs\/wp-json\/wp\/v2\/users\/1"}],"replies":[{"embeddable":true,"href":"https:\/\/wearpartseurope.com\/cs\/wp-json\/wp\/v2\/comments?post=1590"}],"version-history":[{"count":5,"href":"https:\/\/wearpartseurope.com\/cs\/wp-json\/wp\/v2\/pages\/1590\/revisions"}],"predecessor-version":[{"id":1591,"href":"https:\/\/wearpartseurope.com\/cs\/wp-json\/wp\/v2\/pages\/1590\/revisions\/1591"}],"up":[{"embeddable":true,"href":"https:\/\/wearpartseurope.com\/cs\/wp-json\/wp\/v2\/pages\/1581"}],"wp:attachment":[{"href":"https:\/\/wearpartseurope.com\/cs\/wp-json\/wp\/v2\/media?parent=1590"}],"curies":[{"name":"wp","href":"https:\/\/api.w.org\/{rel}","templated":true}]}}