{"id":1586,"date":"2023-06-20T14:19:32","date_gmt":"2023-06-20T12:19:32","guid":{"rendered":"https:\/\/wearpartseurope.com\/kontakt\/offerte-aanvragen\/"},"modified":"2026-04-24T15:02:42","modified_gmt":"2026-04-24T13:02:42","slug":"poptat-nabidku","status":"publish","type":"page","link":"https:\/\/wearpartseurope.com\/cs\/kontakt\/poptat-nabidku\/","title":{"rendered":"Poptat nab\u00eddku"},"content":{"rendered":"<div class=\"wpb-content-wrapper\">[vc_row fullwidth=&#8220;true&#8220; fullwidth_content=&#8220;false&#8220; el_class=&#8220;row-header-geel&#8220;][vc_column][vc_custom_heading text=&#8220;Kontakt&#8220; font_container=&#8220;tag:h4|text_align:left|color:%23000000&#8243; use_theme_fonts=&#8220;yes&#8220; css_animation=&#8220;none&#8220; el_class=&#8220;subtitel-pagina&#8220;][vc_custom_heading text=&#8220;Jak v\u00e1m m\u016f\u017eeme pomoci?&#8220; font_container=&#8220;tag:h1|text_align:left|color:%23000000&#8243; use_theme_fonts=&#8220;yes&#8220; css_animation=&#8220;none&#8220; el_class=&#8220;titel-pagina&#8220;][\/vc_column][\/vc_row][vc_row fullwidth=&#8220;true&#8220; fullwidth_content=&#8220;false&#8220; el_class=&#8220;row-buttons-contact&#8220;][vc_column][vc_column_text disable_pattern=&#8220;false&#8220; css=&#8220;.vc_custom_1709642149782{margin-bottom: 0px !important;}&#8220;]Pros\u00edm vyberte \u00a0<i class=\"fa-solid fa-arrow-turn-down\"><\/i>[\/vc_column_text][vc_btn title=&#8220;M\u00e1m dotaz&#8220; style=&#8220;custom&#8220; custom_background=&#8220;#ffffff&#8220; custom_text=&#8220;#000000&#8243; shape=&#8220;round&#8220; size=&#8220;lg&#8220; css_animation=&#8220;none&#8220; link=&#8220;url:%2Fcs%2Fkontakt|title:M%C3%A1m%20dotaz&#8220; el_class=&#8220;button-wit&#8220;][vc_btn title=&#8220;Chci cenovou nab\u00eddku&#8220; style=&#8220;custom&#8220; custom_background=&#8220;#ffd200&#8243; custom_text=&#8220;#000000&#8243; shape=&#8220;round&#8220; size=&#8220;lg&#8220; css_animation=&#8220;none&#8220; link=&#8220;url:%2Fcs%2Fkontakt%2Fpoptat-nabidku%2F|title:Poptat%20nab%C3%ADdku&#8220; el_class=&#8220;button-geel&#8220;][vc_btn title=&#8220;Chci vzorek produktu&#8220; style=&#8220;custom&#8220; custom_background=&#8220;#ffffff&#8220; custom_text=&#8220;#000000&#8243; shape=&#8220;round&#8220; size=&#8220;lg&#8220; css_animation=&#8220;none&#8220; link=&#8220;url:%2Fcs%2Fkontakt%2Fpoptat-vzorek%2F|title:Poptat%20vzorek&#8220; el_class=&#8220;button-wit&#8220;][\/vc_column][\/vc_row][vc_row][vc_column][vc_empty_space][vc_raw_html css=&#8220;&#8220;]JTNDc2NyaXB0JTIwY2hhcnNldCUzRCUyMnV0Zi04JTIyJTIwdHlwZSUzRCUyMnRleHQlMkZqYXZhc2NyaXB0JTIyJTIwc3JjJTNEJTIyJTJGJTJGanMtZXUxLmhzZm9ybXMubmV0JTJGZm9ybXMlMkZlbWJlZCUyRnYyLmpzJTIyJTNFJTNDJTJGc2NyaXB0JTNFJTBBJTNDc2NyaXB0JTNFJTBBJTIwJTIwaGJzcHQuZm9ybXMuY3JlYXRlJTI4JTdCJTBBJTIwJTIwJTIwJTIwcG9ydGFsSWQlM0ElMjAlMjIxNDc3OTQ3NjclMjIlMkMlMEElMjAlMjAlMjAlMjBmb3JtSWQlM0ElMjAlMjJlNWFjYTMwNi00MzBjLTQ1ZGYtOWU5Zi1mMDUwZDQyYTQwYjIlMjIlMkMlMEElMjAlMjAlMjAlMjByZWdpb24lM0ElMjAlMjJldTElMjIlMEElMjAlMjAlN0QlMjklM0IlMEElM0MlMkZzY3JpcHQlM0U=[\/vc_raw_html][\/vc_column][\/vc_row]\n<\/div>","protected":false},"excerpt":{"rendered":"<p>[vc_row fullwidth=&#8220;true&#8220; fullwidth_content=&#8220;false&#8220; el_class=&#8220;row-header-geel&#8220;][vc_column][vc_custom_heading text=&#8220;Kontakt&#8220; font_container=&#8220;tag:h4|text_align:left|color:%23000000&#8243; use_theme_fonts=&#8220;yes&#8220; css_animation=&#8220;none&#8220; el_class=&#8220;subtitel-pagina&#8220;][vc_custom_heading text=&#8220;Jak v\u00e1m m\u016f\u017eeme pomoci?&#8220; font_container=&#8220;tag:h1|text_align:left|color:%23000000&#8243; use_theme_fonts=&#8220;yes&#8220; css_animation=&#8220;none&#8220; el_class=&#8220;titel-pagina&#8220;][\/vc_column][\/vc_row][vc_row fullwidth=&#8220;true&#8220; fullwidth_content=&#8220;false&#8220; el_class=&#8220;row-buttons-contact&#8220;][vc_column][vc_column_text disable_pattern=&#8220;false&#8220; css=&#8220;.vc_custom_1709642149782{margin-bottom: 0px !important;}&#8220;]Pros\u00edm vyberte \u00a0[\/vc_column_text][vc_btn title=&#8220;M\u00e1m dotaz&#8220; style=&#8220;custom&#8220; custom_background=&#8220;#ffffff&#8220; custom_text=&#8220;#000000&#8243; shape=&#8220;round&#8220; size=&#8220;lg&#8220; css_animation=&#8220;none&#8220; link=&#8220;url:%2Fcs%2Fkontakt|title:M%C3%A1m%20dotaz&#8220; el_class=&#8220;button-wit&#8220;][vc_btn title=&#8220;Chci cenovou nab\u00eddku&#8220; style=&#8220;custom&#8220; custom_background=&#8220;#ffd200&#8243; custom_text=&#8220;#000000&#8243; shape=&#8220;round&#8220; size=&#8220;lg&#8220; css_animation=&#8220;none&#8220; link=&#8220;url:%2Fcs%2Fkontakt%2Fpoptat-nabidku%2F|title:Poptat%20nab%C3%ADdku&#8220; el_class=&#8220;button-geel&#8220;][vc_btn title=&#8220;Chci vzorek produktu&#8220; style=&#8220;custom&#8220; custom_background=&#8220;#ffffff&#8220; custom_text=&#8220;#000000&#8243; shape=&#8220;round&#8220; size=&#8220;lg&#8220; [&hellip;]<\/p>\n","protected":false},"author":1,"featured_media":0,"parent":1581,"menu_order":0,"comment_status":"closed","ping_status":"closed","template":"","meta":{"_acf_changed":false,"content-type":"","footnotes":""},"class_list":["post-1586","page","type-page","status-publish","hentry"],"acf":[],"yoast_head":"<!-- This site is optimized with the Yoast SEO plugin v27.5 - https:\/\/yoast.com\/product\/yoast-seo-wordpress\/ -->\n<title>Z\u00edskejte cenovou nab\u00eddku na n\u00e1hradn\u00ed d\u00edl, kter\u00fd pot\u0159ebujete | Wear Parts Europe<\/title>\n<meta name=\"description\" content=\"Za\u0161leme v\u00e1m cenovou nab\u00eddku, kter\u00e1 bude p\u0159izp\u016fsobena va\u0161im pot\u0159eb\u00e1m! Je \u010das d\u016fle\u017eit\u00fd? Pak poj\u010fme spole\u010dn\u011b naj\u00edt \u0159e\u0161en\u00ed.\" \/>\n<meta name=\"robots\" content=\"index, follow, max-snippet:-1, max-image-preview:large, max-video-preview:-1\" \/>\n<link rel=\"canonical\" href=\"https:\/\/wearpartseurope.com\/cs\/kontakt\/poptat-nabidku\/\" \/>\n<meta property=\"og:locale\" content=\"cs_CZ\" \/>\n<meta property=\"og:type\" content=\"article\" \/>\n<meta property=\"og:title\" content=\"Z\u00edskejte cenovou nab\u00eddku na n\u00e1hradn\u00ed d\u00edl, kter\u00fd pot\u0159ebujete | Wear Parts Europe\" \/>\n<meta property=\"og:description\" content=\"Za\u0161leme v\u00e1m cenovou nab\u00eddku, kter\u00e1 bude p\u0159izp\u016fsobena va\u0161im pot\u0159eb\u00e1m! Je \u010das d\u016fle\u017eit\u00fd? Pak poj\u010fme spole\u010dn\u011b naj\u00edt \u0159e\u0161en\u00ed.\" \/>\n<meta property=\"og:url\" content=\"https:\/\/wearpartseurope.com\/cs\/kontakt\/poptat-nabidku\/\" \/>\n<meta property=\"og:site_name\" content=\"Wear Parts Europe\" \/>\n<meta property=\"article:publisher\" content=\"https:\/\/www.facebook.com\/Wearpartseurope\" \/>\n<meta property=\"article:modified_time\" content=\"2026-04-24T13:02:42+00:00\" \/>\n<meta name=\"twitter:card\" content=\"summary_large_image\" \/>\n<meta name=\"twitter:label1\" content=\"Odhadovan\u00e1 doba \u010dten\u00ed\" \/>\n\t<meta name=\"twitter:data1\" content=\"1 minuta\" \/>\n<script type=\"application\/ld+json\" class=\"yoast-schema-graph\">{\"@context\":\"https:\\\/\\\/schema.org\",\"@graph\":[{\"@type\":\"WebPage\",\"@id\":\"https:\\\/\\\/wearpartseurope.com\\\/cs\\\/kontakt\\\/poptat-nabidku\\\/\",\"url\":\"https:\\\/\\\/wearpartseurope.com\\\/cs\\\/kontakt\\\/poptat-nabidku\\\/\",\"name\":\"Z\u00edskejte cenovou nab\u00eddku na n\u00e1hradn\u00ed d\u00edl, kter\u00fd pot\u0159ebujete | Wear Parts Europe\",\"isPartOf\":{\"@id\":\"https:\\\/\\\/wearpartseurope.com\\\/cs\\\/#website\"},\"datePublished\":\"2023-06-20T12:19:32+00:00\",\"dateModified\":\"2026-04-24T13:02:42+00:00\",\"description\":\"Za\u0161leme v\u00e1m cenovou nab\u00eddku, kter\u00e1 bude p\u0159izp\u016fsobena va\u0161im pot\u0159eb\u00e1m! Je \u010das d\u016fle\u017eit\u00fd? Pak poj\u010fme spole\u010dn\u011b naj\u00edt \u0159e\u0161en\u00ed.\",\"breadcrumb\":{\"@id\":\"https:\\\/\\\/wearpartseurope.com\\\/cs\\\/kontakt\\\/poptat-nabidku\\\/#breadcrumb\"},\"inLanguage\":\"cs\",\"potentialAction\":[{\"@type\":\"ReadAction\",\"target\":[\"https:\\\/\\\/wearpartseurope.com\\\/cs\\\/kontakt\\\/poptat-nabidku\\\/\"]}]},{\"@type\":\"BreadcrumbList\",\"@id\":\"https:\\\/\\\/wearpartseurope.com\\\/cs\\\/kontakt\\\/poptat-nabidku\\\/#breadcrumb\",\"itemListElement\":[{\"@type\":\"ListItem\",\"position\":1,\"name\":\"Home\",\"item\":\"https:\\\/\\\/wearpartseurope.com\\\/cs\\\/\"},{\"@type\":\"ListItem\",\"position\":2,\"name\":\"Kontakt\",\"item\":\"https:\\\/\\\/wearpartseurope.com\\\/cs\\\/kontakt\\\/\"},{\"@type\":\"ListItem\",\"position\":3,\"name\":\"Poptat nab\u00eddku\"}]},{\"@type\":\"WebSite\",\"@id\":\"https:\\\/\\\/wearpartseurope.com\\\/cs\\\/#website\",\"url\":\"https:\\\/\\\/wearpartseurope.com\\\/cs\\\/\",\"name\":\"Wear Parts Europe\",\"description\":\"Mal\u00fd d\u00edl, velk\u00fd n\u00e1raz\",\"publisher\":{\"@id\":\"https:\\\/\\\/wearpartseurope.com\\\/cs\\\/#organization\"},\"potentialAction\":[{\"@type\":\"SearchAction\",\"target\":{\"@type\":\"EntryPoint\",\"urlTemplate\":\"https:\\\/\\\/wearpartseurope.com\\\/cs\\\/?s={search_term_string}\"},\"query-input\":{\"@type\":\"PropertyValueSpecification\",\"valueRequired\":true,\"valueName\":\"search_term_string\"}}],\"inLanguage\":\"cs\"},{\"@type\":\"Organization\",\"@id\":\"https:\\\/\\\/wearpartseurope.com\\\/cs\\\/#organization\",\"name\":\"Wear Parts Europe\",\"url\":\"https:\\\/\\\/wearpartseurope.com\\\/cs\\\/\",\"logo\":{\"@type\":\"ImageObject\",\"inLanguage\":\"cs\",\"@id\":\"https:\\\/\\\/wearpartseurope.com\\\/cs\\\/#\\\/schema\\\/logo\\\/image\\\/\",\"url\":\"https:\\\/\\\/wearpartseurope.com\\\/wp-content\\\/uploads\\\/2023\\\/06\\\/wearparts-logo-header.svg\",\"contentUrl\":\"https:\\\/\\\/wearpartseurope.com\\\/wp-content\\\/uploads\\\/2023\\\/06\\\/wearparts-logo-header.svg\",\"width\":1,\"height\":1,\"caption\":\"Wear Parts Europe\"},\"image\":{\"@id\":\"https:\\\/\\\/wearpartseurope.com\\\/cs\\\/#\\\/schema\\\/logo\\\/image\\\/\"},\"sameAs\":[\"https:\\\/\\\/www.facebook.com\\\/Wearpartseurope\",\"https:\\\/\\\/www.linkedin.com\\\/company\\\/wearpartseurope\\\/about\\\/\",\"https:\\\/\\\/www.instagram.com\\\/wearpartseurope\\\/\"]}]}<\/script>\n<!-- \/ Yoast SEO plugin. -->","yoast_head_json":{"title":"Z\u00edskejte cenovou nab\u00eddku na n\u00e1hradn\u00ed d\u00edl, kter\u00fd pot\u0159ebujete | Wear Parts Europe","description":"Za\u0161leme v\u00e1m cenovou nab\u00eddku, kter\u00e1 bude p\u0159izp\u016fsobena va\u0161im pot\u0159eb\u00e1m! Je \u010das d\u016fle\u017eit\u00fd? Pak poj\u010fme spole\u010dn\u011b naj\u00edt \u0159e\u0161en\u00ed.","robots":{"index":"index","follow":"follow","max-snippet":"max-snippet:-1","max-image-preview":"max-image-preview:large","max-video-preview":"max-video-preview:-1"},"canonical":"https:\/\/wearpartseurope.com\/cs\/kontakt\/poptat-nabidku\/","og_locale":"cs_CZ","og_type":"article","og_title":"Z\u00edskejte cenovou nab\u00eddku na n\u00e1hradn\u00ed d\u00edl, kter\u00fd pot\u0159ebujete | Wear Parts Europe","og_description":"Za\u0161leme v\u00e1m cenovou nab\u00eddku, kter\u00e1 bude p\u0159izp\u016fsobena va\u0161im pot\u0159eb\u00e1m! Je \u010das d\u016fle\u017eit\u00fd? Pak poj\u010fme spole\u010dn\u011b naj\u00edt \u0159e\u0161en\u00ed.","og_url":"https:\/\/wearpartseurope.com\/cs\/kontakt\/poptat-nabidku\/","og_site_name":"Wear Parts Europe","article_publisher":"https:\/\/www.facebook.com\/Wearpartseurope","article_modified_time":"2026-04-24T13:02:42+00:00","twitter_card":"summary_large_image","twitter_misc":{"Odhadovan\u00e1 doba \u010dten\u00ed":"1 minuta"},"schema":{"@context":"https:\/\/schema.org","@graph":[{"@type":"WebPage","@id":"https:\/\/wearpartseurope.com\/cs\/kontakt\/poptat-nabidku\/","url":"https:\/\/wearpartseurope.com\/cs\/kontakt\/poptat-nabidku\/","name":"Z\u00edskejte cenovou nab\u00eddku na n\u00e1hradn\u00ed d\u00edl, kter\u00fd pot\u0159ebujete | Wear Parts Europe","isPartOf":{"@id":"https:\/\/wearpartseurope.com\/cs\/#website"},"datePublished":"2023-06-20T12:19:32+00:00","dateModified":"2026-04-24T13:02:42+00:00","description":"Za\u0161leme v\u00e1m cenovou nab\u00eddku, kter\u00e1 bude p\u0159izp\u016fsobena va\u0161im pot\u0159eb\u00e1m! Je \u010das d\u016fle\u017eit\u00fd? Pak poj\u010fme spole\u010dn\u011b naj\u00edt \u0159e\u0161en\u00ed.","breadcrumb":{"@id":"https:\/\/wearpartseurope.com\/cs\/kontakt\/poptat-nabidku\/#breadcrumb"},"inLanguage":"cs","potentialAction":[{"@type":"ReadAction","target":["https:\/\/wearpartseurope.com\/cs\/kontakt\/poptat-nabidku\/"]}]},{"@type":"BreadcrumbList","@id":"https:\/\/wearpartseurope.com\/cs\/kontakt\/poptat-nabidku\/#breadcrumb","itemListElement":[{"@type":"ListItem","position":1,"name":"Home","item":"https:\/\/wearpartseurope.com\/cs\/"},{"@type":"ListItem","position":2,"name":"Kontakt","item":"https:\/\/wearpartseurope.com\/cs\/kontakt\/"},{"@type":"ListItem","position":3,"name":"Poptat nab\u00eddku"}]},{"@type":"WebSite","@id":"https:\/\/wearpartseurope.com\/cs\/#website","url":"https:\/\/wearpartseurope.com\/cs\/","name":"Wear Parts Europe","description":"Mal\u00fd d\u00edl, velk\u00fd n\u00e1raz","publisher":{"@id":"https:\/\/wearpartseurope.com\/cs\/#organization"},"potentialAction":[{"@type":"SearchAction","target":{"@type":"EntryPoint","urlTemplate":"https:\/\/wearpartseurope.com\/cs\/?s={search_term_string}"},"query-input":{"@type":"PropertyValueSpecification","valueRequired":true,"valueName":"search_term_string"}}],"inLanguage":"cs"},{"@type":"Organization","@id":"https:\/\/wearpartseurope.com\/cs\/#organization","name":"Wear Parts Europe","url":"https:\/\/wearpartseurope.com\/cs\/","logo":{"@type":"ImageObject","inLanguage":"cs","@id":"https:\/\/wearpartseurope.com\/cs\/#\/schema\/logo\/image\/","url":"https:\/\/wearpartseurope.com\/wp-content\/uploads\/2023\/06\/wearparts-logo-header.svg","contentUrl":"https:\/\/wearpartseurope.com\/wp-content\/uploads\/2023\/06\/wearparts-logo-header.svg","width":1,"height":1,"caption":"Wear Parts Europe"},"image":{"@id":"https:\/\/wearpartseurope.com\/cs\/#\/schema\/logo\/image\/"},"sameAs":["https:\/\/www.facebook.com\/Wearpartseurope","https:\/\/www.linkedin.com\/company\/wearpartseurope\/about\/","https:\/\/www.instagram.com\/wearpartseurope\/"]}]}},"_links":{"self":[{"href":"https:\/\/wearpartseurope.com\/cs\/wp-json\/wp\/v2\/pages\/1586","targetHints":{"allow":["GET"]}}],"collection":[{"href":"https:\/\/wearpartseurope.com\/cs\/wp-json\/wp\/v2\/pages"}],"about":[{"href":"https:\/\/wearpartseurope.com\/cs\/wp-json\/wp\/v2\/types\/page"}],"author":[{"embeddable":true,"href":"https:\/\/wearpartseurope.com\/cs\/wp-json\/wp\/v2\/users\/1"}],"replies":[{"embeddable":true,"href":"https:\/\/wearpartseurope.com\/cs\/wp-json\/wp\/v2\/comments?post=1586"}],"version-history":[{"count":7,"href":"https:\/\/wearpartseurope.com\/cs\/wp-json\/wp\/v2\/pages\/1586\/revisions"}],"predecessor-version":[{"id":3610,"href":"https:\/\/wearpartseurope.com\/cs\/wp-json\/wp\/v2\/pages\/1586\/revisions\/3610"}],"up":[{"embeddable":true,"href":"https:\/\/wearpartseurope.com\/cs\/wp-json\/wp\/v2\/pages\/1581"}],"wp:attachment":[{"href":"https:\/\/wearpartseurope.com\/cs\/wp-json\/wp\/v2\/media?parent=1586"}],"curies":[{"name":"wp","href":"https:\/\/api.w.org\/{rel}","templated":true}]}}